{"id":1056,"date":"2021-06-25T12:03:43","date_gmt":"2021-06-25T12:03:43","guid":{"rendered":"https:\/\/art-foi-bordeaux.fr\/?page_id=1056"},"modified":"2022-08-09T13:48:24","modified_gmt":"2022-08-09T13:48:24","slug":"en-savoir-plus","status":"publish","type":"page","link":"https:\/\/art-foi-bordeaux.fr\/?page_id=1056","title":{"rendered":"En savoir plus"},"content":{"rendered":"\t\t<div data-elementor-type=\"wp-page\" data-elementor-id=\"1056\" class=\"elementor elementor-1056\">\n\t\t\t\t\t\t<section class=\"elementor-section elementor-top-section elementor-element elementor-element-844552c elementor-section-boxed elementor-section-height-default elementor-section-height-default\" data-id=\"844552c\" data-element_type=\"section\" data-e-type=\"section\">\n\t\t\t\t\t\t<div class=\"elementor-container elementor-column-gap-default\">\n\t\t\t\t\t<div class=\"elementor-column elementor-col-16 elementor-top-column elementor-element elementor-element-dbad7fe\" data-id=\"dbad7fe\" data-element_type=\"column\" data-e-type=\"column\">\n\t\t\t<div class=\"elementor-widget-wrap\">\n\t\t\t\t\t\t\t<\/div>\n\t\t<\/div>\n\t\t\t\t<div class=\"elementor-column elementor-col-66 elementor-top-column elementor-element elementor-element-9ecb658\" data-id=\"9ecb658\" data-element_type=\"column\" data-e-type=\"column\">\n\t\t\t<div class=\"elementor-widget-wrap elementor-element-populated\">\n\t\t\t\t\t\t<div class=\"elementor-element elementor-element-c05656c elementor-widget elementor-widget-heading\" data-id=\"c05656c\" data-element_type=\"widget\" data-e-type=\"widget\" data-widget_type=\"heading.default\">\n\t\t\t\t<div class=\"elementor-widget-container\">\n\t\t\t\t\t<h2 class=\"elementor-heading-title elementor-size-default\">En savoir plus<\/h2>\t\t\t\t<\/div>\n\t\t\t\t<\/div>\n\t\t\t\t\t<\/div>\n\t\t<\/div>\n\t\t\t\t<div class=\"elementor-column elementor-col-16 elementor-top-column elementor-element elementor-element-b40c99e\" data-id=\"b40c99e\" data-element_type=\"column\" data-e-type=\"column\">\n\t\t\t<div class=\"elementor-widget-wrap\">\n\t\t\t\t\t\t\t<\/div>\n\t\t<\/div>\n\t\t\t\t\t<\/div>\n\t\t<\/section>\n\t\t\t\t<section class=\"elementor-section elementor-top-section elementor-element elementor-element-7103619 elementor-section-boxed elementor-section-height-default elementor-section-height-default\" data-id=\"7103619\" data-element_type=\"section\" data-e-type=\"section\">\n\t\t\t\t\t\t<div class=\"elementor-container elementor-column-gap-default\">\n\t\t\t\t\t<div class=\"elementor-column elementor-col-16 elementor-top-column elementor-element elementor-element-2feaef1\" data-id=\"2feaef1\" data-element_type=\"column\" data-e-type=\"column\">\n\t\t\t<div class=\"elementor-widget-wrap\">\n\t\t\t\t\t\t\t<\/div>\n\t\t<\/div>\n\t\t\t\t<div class=\"elementor-column elementor-col-100 elementor-top-column elementor-element elementor-element-d9ada05\" data-id=\"d9ada05\" data-element_type=\"column\" data-e-type=\"column\">\n\t\t\t<div class=\"elementor-widget-wrap\">\n\t\t\t\t\t\t\t<\/div>\n\t\t<\/div>\n\t\t\t\t<div class=\"elementor-column elementor-col-66 elementor-top-column elementor-element elementor-element-879c01b\" data-id=\"879c01b\" data-element_type=\"column\" data-e-type=\"column\">\n\t\t\t<div class=\"elementor-widget-wrap elementor-element-populated\">\n\t\t\t\t\t\t<div class=\"elementor-element elementor-element-5857bb7 elementor-widget elementor-widget-spacer\" data-id=\"5857bb7\" data-element_type=\"widget\" data-e-type=\"widget\" data-widget_type=\"spacer.default\">\n\t\t\t\t<div class=\"elementor-widget-container\">\n\t\t\t\t\t\t\t<div class=\"elementor-spacer\">\n\t\t\t<div class=\"elementor-spacer-inner\"><\/div>\n\t\t<\/div>\n\t\t\t\t\t\t<\/div>\n\t\t\t\t<\/div>\n\t\t\t\t\t<\/div>\n\t\t<\/div>\n\t\t\t\t<div class=\"elementor-column elementor-col-16 elementor-top-column elementor-element elementor-element-25dbe31\" data-id=\"25dbe31\" data-element_type=\"column\" data-e-type=\"column\">\n\t\t\t<div class=\"elementor-widget-wrap\">\n\t\t\t\t\t\t\t<\/div>\n\t\t<\/div>\n\t\t\t\t\t<\/div>\n\t\t<\/section>\n\t\t\t\t<section class=\"elementor-section elementor-top-section elementor-element elementor-element-a6665cf elementor-section-boxed elementor-section-height-default elementor-section-height-default\" data-id=\"a6665cf\" data-element_type=\"section\" data-e-type=\"section\">\n\t\t\t\t\t\t<div class=\"elementor-container elementor-column-gap-default\">\n\t\t\t\t\t\t<\/div>\n\t\t<\/section>\n\t\t\t\t<section class=\"elementor-section elementor-top-section elementor-element elementor-element-d24eb7f elementor-section-boxed elementor-section-height-default elementor-section-height-default\" data-id=\"d24eb7f\" data-element_type=\"section\" data-e-type=\"section\">\n\t\t\t\t\t\t<div class=\"elementor-container elementor-column-gap-default\">\n\t\t\t\t\t<div class=\"elementor-column elementor-col-20 elementor-top-column elementor-element elementor-element-b301f5a\" data-id=\"b301f5a\" data-element_type=\"column\" data-e-type=\"column\">\n\t\t\t<div class=\"elementor-widget-wrap\">\n\t\t\t\t\t\t\t<\/div>\n\t\t<\/div>\n\t\t\t\t<div class=\"elementor-column elementor-col-20 elementor-top-column elementor-element elementor-element-77cbce2\" data-id=\"77cbce2\" data-element_type=\"column\" data-e-type=\"column\">\n\t\t\t<div class=\"elementor-widget-wrap elementor-element-populated\">\n\t\t\t\t\t\t<div class=\"elementor-element elementor-element-79fa566 elementor-widget elementor-widget-accordion\" data-id=\"79fa566\" data-element_type=\"widget\" data-e-type=\"widget\" data-widget_type=\"accordion.default\">\n\t\t\t\t<div class=\"elementor-widget-container\">\n\t\t\t\t\t\t\t<div class=\"elementor-accordion\">\n\t\t\t\t\t\t\t<div class=\"elementor-accordion-item\">\n\t\t\t\t\t<div id=\"elementor-tab-title-1271\" class=\"elementor-tab-title\" data-tab=\"1\" role=\"button\" aria-controls=\"elementor-tab-content-1271\" aria-expanded=\"false\">\n\t\t\t\t\t\t\t\t\t\t\t\t\t<span class=\"elementor-accordion-icon elementor-accordion-icon-left\" aria-hidden=\"true\">\n\t\t\t\t\t\t\t\t\t\t\t\t\t\t\t<span class=\"elementor-accordion-icon-closed\"><i class=\"fas fa-plus\"><\/i><\/span>\n\t\t\t\t\t\t\t\t<span class=\"elementor-accordion-icon-opened\"><i class=\"fas fa-minus\"><\/i><\/span>\n\t\t\t\t\t\t\t\t\t\t\t\t\t\t<\/span>\n\t\t\t\t\t\t\t\t\t\t\t\t<a class=\"elementor-accordion-title\" tabindex=\"0\">Les 7 \u00e9difices<\/a>\n\t\t\t\t\t<\/div>\n\t\t\t\t\t<div id=\"elementor-tab-content-1271\" class=\"elementor-tab-content elementor-clearfix\" data-tab=\"1\" role=\"region\" aria-labelledby=\"elementor-tab-title-1271\"><p><strong><span style=\"color: #a1a1a1;\"><em><span style=\"color: #000000;\">Doc:<\/span> <a href=\"https:\/\/art-foi-bordeaux.fr\/wp-content\/uploads\/2021\/07\/Textes-de-presentation-des-7-edifices-V3.pdf\" target=\"_blank\" rel=\"noopener\">Textes de pr\u00e9sentation des 7 \u00e9difices V3<\/a><\/em><\/span><\/strong><\/p><\/div><\/div><\/div><\/div><\/div><\/div><\/div><\/div><\/section><\/div> <a href=\"https:\/\/art-foi-bordeaux.fr\/?page_id=1056#more-1056\" class=\"more-link elementor-more-link\"><span aria-label=\"Poursuivre la lecture En savoir plus\">(plus\u2026)<\/span><\/a>","protected":false},"excerpt":{"rendered":"<p>En savoir plus Les 7 \u00e9difices Doc: Textes de pr\u00e9sentation des 7 \u00e9difices V3<\/p>\n","protected":false},"author":1,"featured_media":0,"parent":0,"menu_order":0,"comment_status":"closed","ping_status":"closed","template":"","meta":{"footnotes":""},"class_list":["post-1056","page","type-page","status-publish","hentry"],"yoast_head":"<!-- This site is optimized with the Yoast SEO plugin v27.4 - https:\/\/yoast.com\/product\/yoast-seo-wordpress\/ -->\n<title>En savoir plus - Art-Foi Bordeaux<\/title>\n<meta name=\"robots\" content=\"index, follow, max-snippet:-1, max-image-preview:large, max-video-preview:-1\" \/>\n<link rel=\"canonical\" href=\"https:\/\/art-foi-bordeaux.fr\/?page_id=1056\" \/>\n<meta property=\"og:locale\" content=\"fr_FR\" \/>\n<meta property=\"og:type\" content=\"article\" \/>\n<meta property=\"og:title\" content=\"En savoir plus - Art-Foi Bordeaux\" \/>\n<meta property=\"og:description\" content=\"En savoir plus Les 7 \u00e9difices Doc: Textes de pr\u00e9sentation des 7 \u00e9difices V3\" \/>\n<meta property=\"og:url\" content=\"https:\/\/art-foi-bordeaux.fr\/?page_id=1056\" \/>\n<meta property=\"og:site_name\" content=\"Art-Foi Bordeaux\" \/>\n<meta property=\"article:modified_time\" content=\"2022-08-09T13:48:24+00:00\" \/>\n<meta property=\"og:image\" content=\"https:\/\/art-foi-bordeaux.fr\/wp-content\/uploads\/2021\/06\/slider-4-300x111.png\" \/>\n<meta name=\"twitter:card\" content=\"summary_large_image\" \/>\n<meta name=\"twitter:label1\" content=\"Dur\u00e9e de lecture estim\u00e9e\" \/>\n\t<meta name=\"twitter:data1\" content=\"1 minute\" \/>\n<script type=\"application\/ld+json\" class=\"yoast-schema-graph\">{\"@context\":\"https:\\\/\\\/schema.org\",\"@graph\":[{\"@type\":\"WebPage\",\"@id\":\"https:\\\/\\\/art-foi-bordeaux.fr\\\/?page_id=1056\",\"url\":\"https:\\\/\\\/art-foi-bordeaux.fr\\\/?page_id=1056\",\"name\":\"En savoir plus - Art-Foi Bordeaux\",\"isPartOf\":{\"@id\":\"https:\\\/\\\/art-foi-bordeaux.fr\\\/#website\"},\"primaryImageOfPage\":{\"@id\":\"https:\\\/\\\/art-foi-bordeaux.fr\\\/?page_id=1056#primaryimage\"},\"image\":{\"@id\":\"https:\\\/\\\/art-foi-bordeaux.fr\\\/?page_id=1056#primaryimage\"},\"thumbnailUrl\":\"https:\\\/\\\/art-foi-bordeaux.fr\\\/wp-content\\\/uploads\\\/2021\\\/06\\\/slider-4-300x111.png\",\"datePublished\":\"2021-06-25T12:03:43+00:00\",\"dateModified\":\"2022-08-09T13:48:24+00:00\",\"breadcrumb\":{\"@id\":\"https:\\\/\\\/art-foi-bordeaux.fr\\\/?page_id=1056#breadcrumb\"},\"inLanguage\":\"fr-FR\",\"potentialAction\":[{\"@type\":\"ReadAction\",\"target\":[\"https:\\\/\\\/art-foi-bordeaux.fr\\\/?page_id=1056\"]}]},{\"@type\":\"ImageObject\",\"inLanguage\":\"fr-FR\",\"@id\":\"https:\\\/\\\/art-foi-bordeaux.fr\\\/?page_id=1056#primaryimage\",\"url\":\"https:\\\/\\\/art-foi-bordeaux.fr\\\/wp-content\\\/uploads\\\/2021\\\/06\\\/slider-4.png\",\"contentUrl\":\"https:\\\/\\\/art-foi-bordeaux.fr\\\/wp-content\\\/uploads\\\/2021\\\/06\\\/slider-4.png\",\"width\":973,\"height\":359},{\"@type\":\"BreadcrumbList\",\"@id\":\"https:\\\/\\\/art-foi-bordeaux.fr\\\/?page_id=1056#breadcrumb\",\"itemListElement\":[{\"@type\":\"ListItem\",\"position\":1,\"name\":\"Accueil\",\"item\":\"https:\\\/\\\/art-foi-bordeaux.fr\\\/\"},{\"@type\":\"ListItem\",\"position\":2,\"name\":\"En savoir plus\"}]},{\"@type\":\"WebSite\",\"@id\":\"https:\\\/\\\/art-foi-bordeaux.fr\\\/#website\",\"url\":\"https:\\\/\\\/art-foi-bordeaux.fr\\\/\",\"name\":\"Art-Foi Bordeaux\",\"description\":\"\",\"publisher\":{\"@id\":\"https:\\\/\\\/art-foi-bordeaux.fr\\\/#organization\"},\"potentialAction\":[{\"@type\":\"SearchAction\",\"target\":{\"@type\":\"EntryPoint\",\"urlTemplate\":\"https:\\\/\\\/art-foi-bordeaux.fr\\\/?s={search_term_string}\"},\"query-input\":{\"@type\":\"PropertyValueSpecification\",\"valueRequired\":true,\"valueName\":\"search_term_string\"}}],\"inLanguage\":\"fr-FR\"},{\"@type\":\"Organization\",\"@id\":\"https:\\\/\\\/art-foi-bordeaux.fr\\\/#organization\",\"name\":\"Art-Foi Bordeaux\",\"url\":\"https:\\\/\\\/art-foi-bordeaux.fr\\\/\",\"logo\":{\"@type\":\"ImageObject\",\"inLanguage\":\"fr-FR\",\"@id\":\"https:\\\/\\\/art-foi-bordeaux.fr\\\/#\\\/schema\\\/logo\\\/image\\\/\",\"url\":\"https:\\\/\\\/art-foi-bordeaux.fr\\\/wp-content\\\/uploads\\\/2021\\\/06\\\/cropped-cropped-logo-ars-et-fides-1.png\",\"contentUrl\":\"https:\\\/\\\/art-foi-bordeaux.fr\\\/wp-content\\\/uploads\\\/2021\\\/06\\\/cropped-cropped-logo-ars-et-fides-1.png\",\"width\":512,\"height\":512,\"caption\":\"Art-Foi Bordeaux\"},\"image\":{\"@id\":\"https:\\\/\\\/art-foi-bordeaux.fr\\\/#\\\/schema\\\/logo\\\/image\\\/\"}}]}<\/script>\n<!-- \/ Yoast SEO plugin. -->","yoast_head_json":{"title":"En savoir plus - Art-Foi Bordeaux","robots":{"index":"index","follow":"follow","max-snippet":"max-snippet:-1","max-image-preview":"max-image-preview:large","max-video-preview":"max-video-preview:-1"},"canonical":"https:\/\/art-foi-bordeaux.fr\/?page_id=1056","og_locale":"fr_FR","og_type":"article","og_title":"En savoir plus - Art-Foi Bordeaux","og_description":"En savoir plus Les 7 \u00e9difices Doc: Textes de pr\u00e9sentation des 7 \u00e9difices V3","og_url":"https:\/\/art-foi-bordeaux.fr\/?page_id=1056","og_site_name":"Art-Foi Bordeaux","article_modified_time":"2022-08-09T13:48:24+00:00","og_image":[{"url":"https:\/\/art-foi-bordeaux.fr\/wp-content\/uploads\/2021\/06\/slider-4-300x111.png","type":"","width":"","height":""}],"twitter_card":"summary_large_image","twitter_misc":{"Dur\u00e9e de lecture estim\u00e9e":"1 minute"},"schema":{"@context":"https:\/\/schema.org","@graph":[{"@type":"WebPage","@id":"https:\/\/art-foi-bordeaux.fr\/?page_id=1056","url":"https:\/\/art-foi-bordeaux.fr\/?page_id=1056","name":"En savoir plus - Art-Foi Bordeaux","isPartOf":{"@id":"https:\/\/art-foi-bordeaux.fr\/#website"},"primaryImageOfPage":{"@id":"https:\/\/art-foi-bordeaux.fr\/?page_id=1056#primaryimage"},"image":{"@id":"https:\/\/art-foi-bordeaux.fr\/?page_id=1056#primaryimage"},"thumbnailUrl":"https:\/\/art-foi-bordeaux.fr\/wp-content\/uploads\/2021\/06\/slider-4-300x111.png","datePublished":"2021-06-25T12:03:43+00:00","dateModified":"2022-08-09T13:48:24+00:00","breadcrumb":{"@id":"https:\/\/art-foi-bordeaux.fr\/?page_id=1056#breadcrumb"},"inLanguage":"fr-FR","potentialAction":[{"@type":"ReadAction","target":["https:\/\/art-foi-bordeaux.fr\/?page_id=1056"]}]},{"@type":"ImageObject","inLanguage":"fr-FR","@id":"https:\/\/art-foi-bordeaux.fr\/?page_id=1056#primaryimage","url":"https:\/\/art-foi-bordeaux.fr\/wp-content\/uploads\/2021\/06\/slider-4.png","contentUrl":"https:\/\/art-foi-bordeaux.fr\/wp-content\/uploads\/2021\/06\/slider-4.png","width":973,"height":359},{"@type":"BreadcrumbList","@id":"https:\/\/art-foi-bordeaux.fr\/?page_id=1056#breadcrumb","itemListElement":[{"@type":"ListItem","position":1,"name":"Accueil","item":"https:\/\/art-foi-bordeaux.fr\/"},{"@type":"ListItem","position":2,"name":"En savoir plus"}]},{"@type":"WebSite","@id":"https:\/\/art-foi-bordeaux.fr\/#website","url":"https:\/\/art-foi-bordeaux.fr\/","name":"Art-Foi Bordeaux","description":"","publisher":{"@id":"https:\/\/art-foi-bordeaux.fr\/#organization"},"potentialAction":[{"@type":"SearchAction","target":{"@type":"EntryPoint","urlTemplate":"https:\/\/art-foi-bordeaux.fr\/?s={search_term_string}"},"query-input":{"@type":"PropertyValueSpecification","valueRequired":true,"valueName":"search_term_string"}}],"inLanguage":"fr-FR"},{"@type":"Organization","@id":"https:\/\/art-foi-bordeaux.fr\/#organization","name":"Art-Foi Bordeaux","url":"https:\/\/art-foi-bordeaux.fr\/","logo":{"@type":"ImageObject","inLanguage":"fr-FR","@id":"https:\/\/art-foi-bordeaux.fr\/#\/schema\/logo\/image\/","url":"https:\/\/art-foi-bordeaux.fr\/wp-content\/uploads\/2021\/06\/cropped-cropped-logo-ars-et-fides-1.png","contentUrl":"https:\/\/art-foi-bordeaux.fr\/wp-content\/uploads\/2021\/06\/cropped-cropped-logo-ars-et-fides-1.png","width":512,"height":512,"caption":"Art-Foi Bordeaux"},"image":{"@id":"https:\/\/art-foi-bordeaux.fr\/#\/schema\/logo\/image\/"}}]}},"_links":{"self":[{"href":"https:\/\/art-foi-bordeaux.fr\/index.php?rest_route=\/wp\/v2\/pages\/1056","targetHints":{"allow":["GET"]}}],"collection":[{"href":"https:\/\/art-foi-bordeaux.fr\/index.php?rest_route=\/wp\/v2\/pages"}],"about":[{"href":"https:\/\/art-foi-bordeaux.fr\/index.php?rest_route=\/wp\/v2\/types\/page"}],"author":[{"embeddable":true,"href":"https:\/\/art-foi-bordeaux.fr\/index.php?rest_route=\/wp\/v2\/users\/1"}],"replies":[{"embeddable":true,"href":"https:\/\/art-foi-bordeaux.fr\/index.php?rest_route=%2Fwp%2Fv2%2Fcomments&post=1056"}],"version-history":[{"count":85,"href":"https:\/\/art-foi-bordeaux.fr\/index.php?rest_route=\/wp\/v2\/pages\/1056\/revisions"}],"predecessor-version":[{"id":1434,"href":"https:\/\/art-foi-bordeaux.fr\/index.php?rest_route=\/wp\/v2\/pages\/1056\/revisions\/1434"}],"wp:attachment":[{"href":"https:\/\/art-foi-bordeaux.fr\/index.php?rest_route=%2Fwp%2Fv2%2Fmedia&parent=1056"}],"curies":[{"name":"wp","href":"https:\/\/api.w.org\/{rel}","templated":true}]}}