{"id":15,"date":"2021-06-05T03:13:52","date_gmt":"2021-06-05T03:13:52","guid":{"rendered":"http:\/\/art-foi-bordeaux.fr\/?page_id=15"},"modified":"2021-07-16T01:56:16","modified_gmt":"2021-07-16T01:56:16","slug":"presentation","status":"publish","type":"page","link":"https:\/\/art-foi-bordeaux.fr\/?page_id=15","title":{"rendered":"Presentation"},"content":{"rendered":"\t\t<div data-elementor-type=\"wp-page\" data-elementor-id=\"15\" class=\"elementor elementor-15\">\n\t\t\t\t\t\t<section class=\"elementor-section elementor-top-section elementor-element elementor-element-19e2b23 elementor-section-boxed elementor-section-height-default elementor-section-height-default\" data-id=\"19e2b23\" data-element_type=\"section\" data-e-type=\"section\">\n\t\t\t\t\t\t<div class=\"elementor-container elementor-column-gap-default\">\n\t\t\t\t\t<div class=\"elementor-column elementor-col-100 elementor-top-column elementor-element elementor-element-7a44b75\" data-id=\"7a44b75\" data-element_type=\"column\" data-e-type=\"column\">\n\t\t\t<div class=\"elementor-widget-wrap elementor-element-populated\">\n\t\t\t\t\t\t<div class=\"elementor-element elementor-element-3c84ecb elementor-widget elementor-widget-heading\" data-id=\"3c84ecb\" data-element_type=\"widget\" data-e-type=\"widget\" data-widget_type=\"heading.default\">\n\t\t\t\t<div class=\"elementor-widget-container\">\n\t\t\t\t\t<h2 class=\"elementor-heading-title elementor-size-default\">Art et Foi<\/h2>\t\t\t\t<\/div>\n\t\t\t\t<\/div>\n\t\t\t\t\t<\/div>\n\t\t<\/div>\n\t\t\t\t\t<\/div>\n\t\t<\/section>\n\t\t\t\t<section class=\"elementor-section elementor-top-section elementor-element elementor-element-f188f95 elementor-section-boxed elementor-section-height-default elementor-section-height-default\" data-id=\"f188f95\" data-element_type=\"section\" data-e-type=\"section\">\n\t\t\t\t\t\t<div class=\"elementor-container elementor-column-gap-default\">\n\t\t\t\t\t<div class=\"elementor-column elementor-col-100 elementor-top-column elementor-element elementor-element-cd09219\" data-id=\"cd09219\" data-element_type=\"column\" data-e-type=\"column\">\n\t\t\t<div class=\"elementor-widget-wrap elementor-element-populated\">\n\t\t\t\t\t\t<div class=\"elementor-element elementor-element-588d40c elementor-widget elementor-widget-spacer\" data-id=\"588d40c\" data-element_type=\"widget\" data-e-type=\"widget\" data-widget_type=\"spacer.default\">\n\t\t\t\t<div class=\"elementor-widget-container\">\n\t\t\t\t\t\t\t<div class=\"elementor-spacer\">\n\t\t\t<div class=\"elementor-spacer-inner\"><\/div>\n\t\t<\/div>\n\t\t\t\t\t\t<\/div>\n\t\t\t\t<\/div>\n\t\t\t\t\t<\/div>\n\t\t<\/div>\n\t\t\t\t\t<\/div>\n\t\t<\/section>\n\t\t\t\t<section class=\"elementor-section elementor-top-section elementor-element elementor-element-65d3844 elementor-section-boxed elementor-section-height-default elementor-section-height-default\" data-id=\"65d3844\" data-element_type=\"section\" data-e-type=\"section\">\n\t\t\t\t\t\t<div class=\"elementor-container elementor-column-gap-default\">\n\t\t\t\t\t<div class=\"elementor-column elementor-col-16 elementor-top-column elementor-element elementor-element-06d402b\" data-id=\"06d402b\" data-element_type=\"column\" data-e-type=\"column\">\n\t\t\t<div class=\"elementor-widget-wrap\">\n\t\t\t\t\t\t\t<\/div>\n\t\t<\/div>\n\t\t\t\t<div class=\"elementor-column elementor-col-66 elementor-top-column elementor-element elementor-element-80ca13c\" data-id=\"80ca13c\" data-element_type=\"column\" data-e-type=\"column\">\n\t\t\t<div class=\"elementor-widget-wrap elementor-element-populated\">\n\t\t\t\t\t\t<div class=\"elementor-element elementor-element-426ced0 elementor-widget elementor-widget-text-editor\" data-id=\"426ced0\" data-element_type=\"widget\" data-e-type=\"widget\" data-widget_type=\"text-editor.default\">\n\t\t\t\t<div class=\"elementor-widget-container\">\n\t\t\t\t\t\t\t\t\t<p style=\"text-align: center;\">\u00ab\u00a0Ars et Fides\u00a0\u00bb (Art et Foi) est une f\u00e9d\u00e9ration europ\u00e9enne\u00a0 \u0153cum\u00e9nique d&rsquo;associations cr\u00e9\u00e9es pour accueillir les visiteurs dans les monuments religieux.<\/p><p style=\"text-align: center;\">L&rsquo;esprit d&rsquo;Ars et Fides\u00a0 consiste\u00a0 \u00e0 rendre le visiteur sensible \u00e0 l&rsquo;art (\u00ab\u00a0Ars\u00a0\u00bb),\u00a0 aux signes et aux symboles dont les b\u00e2tisseurs d&rsquo;\u00e9glises et les croyants se sont servis pour exprimer leur foi \u00ab\u00a0Fides\u00a0\u00bb.<\/p><p style=\"text-align: center;\">Ars et Fides est une association de b\u00e9n\u00e9voles qui accueille\u00a0 les visiteurs croyants et non croyants dans nos \u00e9glises.<\/p><p style=\"text-align: center;\">Les visites sont assur\u00e9es par des guides b\u00e9n\u00e9voles d&rsquo;ARS et FIDES,<\/p><p style=\"text-align: center;\">Ils vous feront d\u00e9couvrir comment les \u00e9glises sont des messagers\u00a0 de l&rsquo;histoire.<\/p>\t\t\t\t\t\t\t\t<\/div>\n\t\t\t\t<\/div>\n\t\t\t\t\t<\/div>\n\t\t<\/div>\n\t\t\t\t<div class=\"elementor-column elementor-col-16 elementor-top-column elementor-element elementor-element-45dae78\" data-id=\"45dae78\" data-element_type=\"column\" data-e-type=\"column\">\n\t\t\t<div class=\"elementor-widget-wrap\">\n\t\t\t\t\t\t\t<\/div>\n\t\t<\/div>\n\t\t\t\t\t<\/div>\n\t\t<\/section>\n\t\t\t\t<section class=\"elementor-section elementor-top-section elementor-element elementor-element-32f3463 elementor-section-boxed elementor-section-height-default elementor-section-height-default\" data-id=\"32f3463\" data-element_type=\"section\" data-e-type=\"section\">\n\t\t\t\t\t\t<div class=\"elementor-container elementor-column-gap-default\">\n\t\t\t\t\t<div class=\"elementor-column elementor-col-16 elementor-top-column elementor-element elementor-element-763b5c8\" data-id=\"763b5c8\" data-element_type=\"column\" data-e-type=\"column\">\n\t\t\t<div class=\"elementor-widget-wrap\">\n\t\t\t\t\t\t\t<\/div>\n\t\t<\/div>\n\t\t\t\t<div class=\"elementor-column elementor-col-66 elementor-top-column elementor-element elementor-element-8435f98\" data-id=\"8435f98\" data-element_type=\"column\" data-e-type=\"column\">\n\t\t\t<div class=\"elementor-widget-wrap elementor-element-populated\">\n\t\t\t\t\t\t<div class=\"elementor-element elementor-element-8dc9113 elementor-widget elementor-widget-text-editor\" data-id=\"8dc9113\" data-element_type=\"widget\" data-e-type=\"widget\" data-widget_type=\"text-editor.default\">\n\t\t\t\t<div class=\"elementor-widget-container\">\n\t\t\t\t\t\t\t\t\t<p style=\"text-align: center;\"><strong>Les visites sont gratuites.<\/strong><br \/>Nous travaillons en partenariat avec l&rsquo;Office de Tourisme de Bordeaux.<\/p>\t\t\t\t\t\t\t\t<\/div>\n\t\t\t\t<\/div>\n\t\t\t\t\t<\/div>\n\t\t<\/div>\n\t\t\t\t<div class=\"elementor-column elementor-col-16 elementor-top-column elementor-element elementor-element-90dbd2c\" data-id=\"90dbd2c\" data-element_type=\"column\" data-e-type=\"column\">\n\t\t\t<div class=\"elementor-widget-wrap\">\n\t\t\t\t\t\t\t<\/div>\n\t\t<\/div>\n\t\t\t\t\t<\/div>\n\t\t<\/section>\n\t\t\t\t<section class=\"elementor-section elementor-top-section elementor-element elementor-element-42ec654 elementor-section-boxed elementor-section-height-default elementor-section-height-default\" data-id=\"42ec654\" data-element_type=\"section\" data-e-type=\"section\">\n\t\t\t\t\t\t<div class=\"elementor-container elementor-column-gap-default\">\n\t\t\t\t\t<div class=\"elementor-column elementor-col-16 elementor-top-column elementor-element elementor-element-c667588\" data-id=\"c667588\" data-element_type=\"column\" data-e-type=\"column\">\n\t\t\t<div class=\"elementor-widget-wrap\">\n\t\t\t\t\t\t\t<\/div>\n\t\t<\/div>\n\t\t\t\t<div class=\"elementor-column elementor-col-66 elementor-top-column elementor-element elementor-element-443e8b8\" data-id=\"443e8b8\" data-element_type=\"column\" data-e-type=\"column\">\n\t\t\t<div class=\"elementor-widget-wrap elementor-element-populated\">\n\t\t\t\t\t\t<div class=\"elementor-element elementor-element-c829875 elementor-align-center elementor-widget elementor-widget-button\" data-id=\"c829875\" data-element_type=\"widget\" data-e-type=\"widget\" data-widget_type=\"button.default\">\n\t\t\t\t<div class=\"elementor-widget-container\">\n\t\t\t\t\t\t\t\t\t<div class=\"elementor-button-wrapper\">\n\t\t\t\t\t<a class=\"elementor-button elementor-button-link elementor-size-sm\" href=\"https:\/\/art-foi-bordeaux.fr\/visite\/\">\n\t\t\t\t\t\t<span class=\"elementor-button-content-wrapper\">\n\t\t\t\t\t\t\t\t\t<span class=\"elementor-button-text\">Visite Gratuite<\/span>\n\t\t\t\t\t<\/span>\n\t\t\t\t\t<\/a>\n\t\t\t\t<\/div>\n\t\t\t\t\t\t\t\t<\/div>\n\t\t\t\t<\/div>\n\t\t\t\t\t<\/div>\n\t\t<\/div>\n\t\t\t\t<div class=\"elementor-column elementor-col-16 elementor-top-column elementor-element elementor-element-25a4c54\" data-id=\"25a4c54\" data-element_type=\"column\" data-e-type=\"column\">\n\t\t\t<div class=\"elementor-widget-wrap\">\n\t\t\t\t\t\t\t<\/div>\n\t\t<\/div>\n\t\t\t\t\t<\/div>\n\t\t<\/section>\n\t\t\t\t<section class=\"elementor-section elementor-top-section elementor-element elementor-element-1da6da9 elementor-section-boxed elementor-section-height-default elementor-section-height-default\" data-id=\"1da6da9\" data-element_type=\"section\" data-e-type=\"section\">\n\t\t\t\t\t\t<div class=\"elementor-container elementor-column-gap-default\">\n\t\t\t\t\t<div class=\"elementor-column elementor-col-100 elementor-top-column elementor-element elementor-element-c966527\" data-id=\"c966527\" data-element_type=\"column\" data-e-type=\"column\">\n\t\t\t<div class=\"elementor-widget-wrap elementor-element-populated\">\n\t\t\t\t\t\t<div class=\"elementor-element elementor-element-ee8cd27 elementor-widget elementor-widget-spacer\" data-id=\"ee8cd27\" data-element_type=\"widget\" data-e-type=\"widget\" data-widget_type=\"spacer.default\">\n\t\t\t\t<div class=\"elementor-widget-container\">\n\t\t\t\t\t\t\t<div class=\"elementor-spacer\">\n\t\t\t<div class=\"elementor-spacer-inner\"><\/div>\n\t\t<\/div>\n\t\t\t\t\t\t<\/div>\n\t\t\t\t<\/div>\n\t\t\t\t\t<\/div>\n\t\t<\/div>\n\t\t\t\t\t<\/div>\n\t\t<\/section>\n\t\t\t\t<section class=\"elementor-section elementor-top-section elementor-element elementor-element-7e7786c elementor-section-boxed elementor-section-height-default elementor-section-height-default\" data-id=\"7e7786c\" data-element_type=\"section\" data-e-type=\"section\">\n\t\t\t\t\t\t<div class=\"elementor-container elementor-column-gap-default\">\n\t\t\t\t\t<div class=\"elementor-column elementor-col-25 elementor-top-column elementor-element elementor-element-d725284\" data-id=\"d725284\" data-element_type=\"column\" data-e-type=\"column\">\n\t\t\t<div class=\"elementor-widget-wrap elementor-element-populated\">\n\t\t\t\t\t\t<div class=\"elementor-element elementor-element-672e988 elementor-widget elementor-widget-text-editor\" data-id=\"672e988\" data-element_type=\"widget\" data-e-type=\"widget\" data-widget_type=\"text-editor.default\">\n\t\t\t\t<div class=\"elementor-widget-container\">\n\t\t\t\t\t\t\t\t\t<p style=\"text-align: center;\"><strong>Devenir Membre :<\/strong><br \/>Soutenez nous en devenant adh\u00e9rent \u00e0 l&rsquo;association et participez aux activit\u00e9s.\u00a0<\/p><p style=\"text-align: center;\">Si vous le souhaitez, vous pouvez devenir guide b\u00e9n\u00e9vole. Votre formation sera assur\u00e9e par l&rsquo;association<\/p>\t\t\t\t\t\t\t\t<\/div>\n\t\t\t\t<\/div>\n\t\t\t\t\t<\/div>\n\t\t<\/div>\n\t\t\t\t<div class=\"elementor-column elementor-col-50 elementor-top-column elementor-element elementor-element-be7fd62\" data-id=\"be7fd62\" data-element_type=\"column\" data-e-type=\"column\">\n\t\t\t<div class=\"elementor-widget-wrap elementor-element-populated\">\n\t\t\t\t\t\t<div class=\"elementor-element elementor-element-2ac2807 elementor-widget elementor-widget-spacer\" data-id=\"2ac2807\" data-element_type=\"widget\" data-e-type=\"widget\" data-widget_type=\"spacer.default\">\n\t\t\t\t<div class=\"elementor-widget-container\">\n\t\t\t\t\t\t\t<div class=\"elementor-spacer\">\n\t\t\t<div class=\"elementor-spacer-inner\"><\/div>\n\t\t<\/div>\n\t\t\t\t\t\t<\/div>\n\t\t\t\t<\/div>\n\t\t\t\t\t<\/div>\n\t\t<\/div>\n\t\t\t\t<div class=\"elementor-column elementor-col-25 elementor-top-column elementor-element elementor-element-ebbbe30\" data-id=\"ebbbe30\" data-element_type=\"column\" data-e-type=\"column\">\n\t\t\t<div class=\"elementor-widget-wrap elementor-element-populated\">\n\t\t\t\t\t\t<div class=\"elementor-element elementor-element-620ae9d elementor-widget elementor-widget-text-editor\" data-id=\"620ae9d\" data-element_type=\"widget\" data-e-type=\"widget\" data-widget_type=\"text-editor.default\">\n\t\t\t\t<div class=\"elementor-widget-container\">\n\t\t\t\t\t\t\t\t\t<p style=\"text-align: center;\"><strong>Comment adherer \u00e0 l&rsquo;association ?<\/strong><br \/>Faites vous connaitre aupr\u00e8s de \u00ab\u00a0Les Amis d&rsquo;Ars et Fides\u00a0\u00bb en envoyant un mail \u00e0 : \u00ab\u00a0arsetfides@gmail.com\u00a0\u00bb ou via le formulaire de contact ci-dessous.<\/p>\t\t\t\t\t\t\t\t<\/div>\n\t\t\t\t<\/div>\n\t\t\t\t\t<\/div>\n\t\t<\/div>\n\t\t\t\t\t<\/div>\n\t\t<\/section>\n\t\t\t\t<section class=\"elementor-section elementor-top-section elementor-element elementor-element-adf1755 elementor-section-boxed elementor-section-height-default elementor-section-height-default\" data-id=\"adf1755\" data-element_type=\"section\" data-e-type=\"section\">\n\t\t\t\t\t\t<div class=\"elementor-container elementor-column-gap-default\">\n\t\t\t\t\t<div class=\"elementor-column elementor-col-20 elementor-top-column elementor-element elementor-element-0df9aa2\" data-id=\"0df9aa2\" data-element_type=\"column\" data-e-type=\"column\">\n\t\t\t<div class=\"elementor-widget-wrap\">\n\t\t\t\t\t\t\t<\/div>\n\t\t<\/div>\n\t\t\t\t<div class=\"elementor-column elementor-col-20 elementor-top-column elementor-element elementor-element-8e38608\" data-id=\"8e38608\" data-element_type=\"column\" data-e-type=\"column\">\n\t\t\t<div class=\"elementor-widget-wrap\">\n\t\t\t\t\t\t\t<\/div>\n\t\t<\/div>\n\t\t\t\t<div class=\"elementor-column elementor-col-20 elementor-top-column elementor-element elementor-element-2a5e101\" data-id=\"2a5e101\" data-element_type=\"column\" data-e-type=\"column\">\n\t\t\t<div class=\"elementor-widget-wrap elementor-element-populated\">\n\t\t\t\t\t\t<div class=\"elementor-element elementor-element-e1b1a2b elementor-widget-tablet__width-initial elementor-absolute elementor-widget elementor-widget-button\" data-id=\"e1b1a2b\" data-element_type=\"widget\" data-e-type=\"widget\" data-settings=\"{&quot;_position&quot;:&quot;absolute&quot;}\" data-widget_type=\"button.default\">\n\t\t\t\t<div class=\"elementor-widget-container\">\n\t\t\t\t\t\t\t\t\t<div class=\"elementor-button-wrapper\">\n\t\t\t\t\t<a class=\"elementor-button elementor-button-link elementor-size-sm\" href=\"http:\/\/art-foi-bordeaux.fr\/devenir-guide\/\">\n\t\t\t\t\t\t<span class=\"elementor-button-content-wrapper\">\n\t\t\t\t\t\t\t\t\t<span class=\"elementor-button-text\">Devenir Guide<\/span>\n\t\t\t\t\t<\/span>\n\t\t\t\t\t<\/a>\n\t\t\t\t<\/div>\n\t\t\t\t\t\t\t\t<\/div>\n\t\t\t\t<\/div>\n\t\t\t\t\t<\/div>\n\t\t<\/div>\n\t\t\t\t<div class=\"elementor-column elementor-col-20 elementor-top-column elementor-element elementor-element-3ec3c53\" data-id=\"3ec3c53\" data-element_type=\"column\" data-e-type=\"column\">\n\t\t\t<div class=\"elementor-widget-wrap\">\n\t\t\t\t\t\t\t<\/div>\n\t\t<\/div>\n\t\t\t\t<div class=\"elementor-column elementor-col-20 elementor-top-column elementor-element elementor-element-de350d9\" data-id=\"de350d9\" data-element_type=\"column\" data-e-type=\"column\">\n\t\t\t<div class=\"elementor-widget-wrap elementor-element-populated\">\n\t\t\t\t\t\t<div class=\"elementor-element elementor-element-0d272b1 elementor-absolute elementor-widget__width-initial elementor-widget elementor-widget-button\" data-id=\"0d272b1\" data-element_type=\"widget\" data-e-type=\"widget\" data-settings=\"{&quot;_position&quot;:&quot;absolute&quot;}\" data-widget_type=\"button.default\">\n\t\t\t\t<div class=\"elementor-widget-container\">\n\t\t\t\t\t\t\t\t\t<div class=\"elementor-button-wrapper\">\n\t\t\t\t\t<a class=\"elementor-button elementor-button-link elementor-size-sm\" href=\"http:\/\/art-foi-bordeaux.fr\/contact\/\">\n\t\t\t\t\t\t<span class=\"elementor-button-content-wrapper\">\n\t\t\t\t\t\t\t\t\t<span class=\"elementor-button-text\">Contact<\/span>\n\t\t\t\t\t<\/span>\n\t\t\t\t\t<\/a>\n\t\t\t\t<\/div>\n\t\t\t\t\t\t\t\t<\/div>\n\t\t\t\t<\/div>\n\t\t\t\t\t<\/div>\n\t\t<\/div>\n\t\t\t\t\t<\/div>\n\t\t<\/section>\n\t\t\t\t<section class=\"elementor-section elementor-top-section elementor-element elementor-element-bd59032 elementor-section-boxed elementor-section-height-default elementor-section-height-default\" data-id=\"bd59032\" data-element_type=\"section\" data-e-type=\"section\">\n\t\t\t\t\t\t<div class=\"elementor-container elementor-column-gap-default\">\n\t\t\t\t\t<div class=\"elementor-column elementor-col-20 elementor-top-column elementor-element elementor-element-a2407f5\" data-id=\"a2407f5\" data-element_type=\"column\" data-e-type=\"column\">\n\t\t\t<div class=\"elementor-widget-wrap\">\n\t\t\t\t\t\t\t<\/div>\n\t\t<\/div>\n\t\t\t\t<div class=\"elementor-column elementor-col-20 elementor-top-column elementor-element elementor-element-f12bdcb\" data-id=\"f12bdcb\" data-element_type=\"column\" data-e-type=\"column\">\n\t\t\t<div class=\"elementor-widget-wrap\">\n\t\t\t\t\t\t\t<\/div>\n\t\t<\/div>\n\t\t\t\t<div class=\"elementor-column elementor-col-20 elementor-top-column elementor-element elementor-element-140247d\" data-id=\"140247d\" data-element_type=\"column\" data-e-type=\"column\">\n\t\t\t<div class=\"elementor-widget-wrap\">\n\t\t\t\t\t\t\t<\/div>\n\t\t<\/div>\n\t\t\t\t<div class=\"elementor-column elementor-col-20 elementor-top-column elementor-element elementor-element-4a638f5\" data-id=\"4a638f5\" data-element_type=\"column\" data-e-type=\"column\">\n\t\t\t<div class=\"elementor-widget-wrap\">\n\t\t\t\t\t\t\t<\/div>\n\t\t<\/div>\n\t\t\t\t<div class=\"elementor-column elementor-col-20 elementor-top-column elementor-element elementor-element-093c14a\" data-id=\"093c14a\" data-element_type=\"column\" data-e-type=\"column\">\n\t\t\t<div class=\"elementor-widget-wrap\">\n\t\t\t\t\t\t\t<\/div>\n\t\t<\/div>\n\t\t\t\t\t<\/div>\n\t\t<\/section>\n\t\t\t\t<\/div>\n\t\t","protected":false},"excerpt":{"rendered":"<p>Art et Foi \u00ab\u00a0Ars et Fides\u00a0\u00bb (Art et Foi) est une f\u00e9d\u00e9ration europ\u00e9enne\u00a0 \u0153cum\u00e9nique d&rsquo;associations cr\u00e9\u00e9es pour accueillir les visiteurs dans les monuments religieux. L&rsquo;esprit &hellip; <\/p>\n","protected":false},"author":1,"featured_media":0,"parent":0,"menu_order":0,"comment_status":"closed","ping_status":"closed","template":"","meta":{"footnotes":""},"class_list":["post-15","page","type-page","status-publish","hentry"],"yoast_head":"<!-- This site is optimized with the Yoast SEO plugin v27.4 - https:\/\/yoast.com\/product\/yoast-seo-wordpress\/ -->\n<title>Presentation - Art-Foi Bordeaux<\/title>\n<meta name=\"robots\" content=\"index, follow, max-snippet:-1, max-image-preview:large, max-video-preview:-1\" \/>\n<link rel=\"canonical\" href=\"https:\/\/art-foi-bordeaux.fr\/?page_id=15\" \/>\n<meta property=\"og:locale\" content=\"fr_FR\" \/>\n<meta property=\"og:type\" content=\"article\" \/>\n<meta property=\"og:title\" content=\"Presentation - Art-Foi Bordeaux\" \/>\n<meta property=\"og:description\" content=\"Art et Foi \u00ab\u00a0Ars et Fides\u00a0\u00bb (Art et Foi) est une f\u00e9d\u00e9ration europ\u00e9enne\u00a0 \u0153cum\u00e9nique d&rsquo;associations cr\u00e9\u00e9es pour accueillir les visiteurs dans les monuments religieux. L&rsquo;esprit &hellip;\" \/>\n<meta property=\"og:url\" content=\"https:\/\/art-foi-bordeaux.fr\/?page_id=15\" \/>\n<meta property=\"og:site_name\" content=\"Art-Foi Bordeaux\" \/>\n<meta property=\"article:modified_time\" content=\"2021-07-16T01:56:16+00:00\" \/>\n<meta name=\"twitter:card\" content=\"summary_large_image\" \/>\n<meta name=\"twitter:label1\" content=\"Dur\u00e9e de lecture estim\u00e9e\" \/>\n\t<meta name=\"twitter:data1\" content=\"1 minute\" \/>\n<script type=\"application\/ld+json\" class=\"yoast-schema-graph\">{\"@context\":\"https:\\\/\\\/schema.org\",\"@graph\":[{\"@type\":\"WebPage\",\"@id\":\"https:\\\/\\\/art-foi-bordeaux.fr\\\/?page_id=15\",\"url\":\"https:\\\/\\\/art-foi-bordeaux.fr\\\/?page_id=15\",\"name\":\"Presentation - Art-Foi Bordeaux\",\"isPartOf\":{\"@id\":\"https:\\\/\\\/art-foi-bordeaux.fr\\\/#website\"},\"datePublished\":\"2021-06-05T03:13:52+00:00\",\"dateModified\":\"2021-07-16T01:56:16+00:00\",\"breadcrumb\":{\"@id\":\"https:\\\/\\\/art-foi-bordeaux.fr\\\/?page_id=15#breadcrumb\"},\"inLanguage\":\"fr-FR\",\"potentialAction\":[{\"@type\":\"ReadAction\",\"target\":[\"https:\\\/\\\/art-foi-bordeaux.fr\\\/?page_id=15\"]}]},{\"@type\":\"BreadcrumbList\",\"@id\":\"https:\\\/\\\/art-foi-bordeaux.fr\\\/?page_id=15#breadcrumb\",\"itemListElement\":[{\"@type\":\"ListItem\",\"position\":1,\"name\":\"Accueil\",\"item\":\"https:\\\/\\\/art-foi-bordeaux.fr\\\/\"},{\"@type\":\"ListItem\",\"position\":2,\"name\":\"Presentation\"}]},{\"@type\":\"WebSite\",\"@id\":\"https:\\\/\\\/art-foi-bordeaux.fr\\\/#website\",\"url\":\"https:\\\/\\\/art-foi-bordeaux.fr\\\/\",\"name\":\"Art-Foi Bordeaux\",\"description\":\"\",\"publisher\":{\"@id\":\"https:\\\/\\\/art-foi-bordeaux.fr\\\/#organization\"},\"potentialAction\":[{\"@type\":\"SearchAction\",\"target\":{\"@type\":\"EntryPoint\",\"urlTemplate\":\"https:\\\/\\\/art-foi-bordeaux.fr\\\/?s={search_term_string}\"},\"query-input\":{\"@type\":\"PropertyValueSpecification\",\"valueRequired\":true,\"valueName\":\"search_term_string\"}}],\"inLanguage\":\"fr-FR\"},{\"@type\":\"Organization\",\"@id\":\"https:\\\/\\\/art-foi-bordeaux.fr\\\/#organization\",\"name\":\"Art-Foi Bordeaux\",\"url\":\"https:\\\/\\\/art-foi-bordeaux.fr\\\/\",\"logo\":{\"@type\":\"ImageObject\",\"inLanguage\":\"fr-FR\",\"@id\":\"https:\\\/\\\/art-foi-bordeaux.fr\\\/#\\\/schema\\\/logo\\\/image\\\/\",\"url\":\"https:\\\/\\\/art-foi-bordeaux.fr\\\/wp-content\\\/uploads\\\/2021\\\/06\\\/cropped-cropped-logo-ars-et-fides-1.png\",\"contentUrl\":\"https:\\\/\\\/art-foi-bordeaux.fr\\\/wp-content\\\/uploads\\\/2021\\\/06\\\/cropped-cropped-logo-ars-et-fides-1.png\",\"width\":512,\"height\":512,\"caption\":\"Art-Foi Bordeaux\"},\"image\":{\"@id\":\"https:\\\/\\\/art-foi-bordeaux.fr\\\/#\\\/schema\\\/logo\\\/image\\\/\"}}]}<\/script>\n<!-- \/ Yoast SEO plugin. -->","yoast_head_json":{"title":"Presentation - Art-Foi Bordeaux","robots":{"index":"index","follow":"follow","max-snippet":"max-snippet:-1","max-image-preview":"max-image-preview:large","max-video-preview":"max-video-preview:-1"},"canonical":"https:\/\/art-foi-bordeaux.fr\/?page_id=15","og_locale":"fr_FR","og_type":"article","og_title":"Presentation - Art-Foi Bordeaux","og_description":"Art et Foi \u00ab\u00a0Ars et Fides\u00a0\u00bb (Art et Foi) est une f\u00e9d\u00e9ration europ\u00e9enne\u00a0 \u0153cum\u00e9nique d&rsquo;associations cr\u00e9\u00e9es pour accueillir les visiteurs dans les monuments religieux. L&rsquo;esprit &hellip;","og_url":"https:\/\/art-foi-bordeaux.fr\/?page_id=15","og_site_name":"Art-Foi Bordeaux","article_modified_time":"2021-07-16T01:56:16+00:00","twitter_card":"summary_large_image","twitter_misc":{"Dur\u00e9e de lecture estim\u00e9e":"1 minute"},"schema":{"@context":"https:\/\/schema.org","@graph":[{"@type":"WebPage","@id":"https:\/\/art-foi-bordeaux.fr\/?page_id=15","url":"https:\/\/art-foi-bordeaux.fr\/?page_id=15","name":"Presentation - Art-Foi Bordeaux","isPartOf":{"@id":"https:\/\/art-foi-bordeaux.fr\/#website"},"datePublished":"2021-06-05T03:13:52+00:00","dateModified":"2021-07-16T01:56:16+00:00","breadcrumb":{"@id":"https:\/\/art-foi-bordeaux.fr\/?page_id=15#breadcrumb"},"inLanguage":"fr-FR","potentialAction":[{"@type":"ReadAction","target":["https:\/\/art-foi-bordeaux.fr\/?page_id=15"]}]},{"@type":"BreadcrumbList","@id":"https:\/\/art-foi-bordeaux.fr\/?page_id=15#breadcrumb","itemListElement":[{"@type":"ListItem","position":1,"name":"Accueil","item":"https:\/\/art-foi-bordeaux.fr\/"},{"@type":"ListItem","position":2,"name":"Presentation"}]},{"@type":"WebSite","@id":"https:\/\/art-foi-bordeaux.fr\/#website","url":"https:\/\/art-foi-bordeaux.fr\/","name":"Art-Foi Bordeaux","description":"","publisher":{"@id":"https:\/\/art-foi-bordeaux.fr\/#organization"},"potentialAction":[{"@type":"SearchAction","target":{"@type":"EntryPoint","urlTemplate":"https:\/\/art-foi-bordeaux.fr\/?s={search_term_string}"},"query-input":{"@type":"PropertyValueSpecification","valueRequired":true,"valueName":"search_term_string"}}],"inLanguage":"fr-FR"},{"@type":"Organization","@id":"https:\/\/art-foi-bordeaux.fr\/#organization","name":"Art-Foi Bordeaux","url":"https:\/\/art-foi-bordeaux.fr\/","logo":{"@type":"ImageObject","inLanguage":"fr-FR","@id":"https:\/\/art-foi-bordeaux.fr\/#\/schema\/logo\/image\/","url":"https:\/\/art-foi-bordeaux.fr\/wp-content\/uploads\/2021\/06\/cropped-cropped-logo-ars-et-fides-1.png","contentUrl":"https:\/\/art-foi-bordeaux.fr\/wp-content\/uploads\/2021\/06\/cropped-cropped-logo-ars-et-fides-1.png","width":512,"height":512,"caption":"Art-Foi Bordeaux"},"image":{"@id":"https:\/\/art-foi-bordeaux.fr\/#\/schema\/logo\/image\/"}}]}},"_links":{"self":[{"href":"https:\/\/art-foi-bordeaux.fr\/index.php?rest_route=\/wp\/v2\/pages\/15","targetHints":{"allow":["GET"]}}],"collection":[{"href":"https:\/\/art-foi-bordeaux.fr\/index.php?rest_route=\/wp\/v2\/pages"}],"about":[{"href":"https:\/\/art-foi-bordeaux.fr\/index.php?rest_route=\/wp\/v2\/types\/page"}],"author":[{"embeddable":true,"href":"https:\/\/art-foi-bordeaux.fr\/index.php?rest_route=\/wp\/v2\/users\/1"}],"replies":[{"embeddable":true,"href":"https:\/\/art-foi-bordeaux.fr\/index.php?rest_route=%2Fwp%2Fv2%2Fcomments&post=15"}],"version-history":[{"count":107,"href":"https:\/\/art-foi-bordeaux.fr\/index.php?rest_route=\/wp\/v2\/pages\/15\/revisions"}],"predecessor-version":[{"id":1399,"href":"https:\/\/art-foi-bordeaux.fr\/index.php?rest_route=\/wp\/v2\/pages\/15\/revisions\/1399"}],"wp:attachment":[{"href":"https:\/\/art-foi-bordeaux.fr\/index.php?rest_route=%2Fwp%2Fv2%2Fmedia&parent=15"}],"curies":[{"name":"wp","href":"https:\/\/api.w.org\/{rel}","templated":true}]}}