{"id":23,"date":"2021-06-04T14:15:44","date_gmt":"2021-06-04T14:15:44","guid":{"rendered":"http:\/\/art-foi-bordeaux.fr\/?page_id=23"},"modified":"2021-07-08T15:31:48","modified_gmt":"2021-07-08T15:31:48","slug":"actualites","status":"publish","type":"page","link":"https:\/\/art-foi-bordeaux.fr\/?page_id=23","title":{"rendered":"Actualites"},"content":{"rendered":"\t\t<div data-elementor-type=\"wp-page\" data-elementor-id=\"23\" class=\"elementor elementor-23\">\n\t\t\t\t\t\t<section class=\"elementor-section elementor-top-section elementor-element elementor-element-2138b82 elementor-section-boxed elementor-section-height-default elementor-section-height-default\" data-id=\"2138b82\" data-element_type=\"section\" data-e-type=\"section\">\n\t\t\t\t\t\t<div class=\"elementor-container elementor-column-gap-default\">\n\t\t\t\t\t<div class=\"elementor-column elementor-col-16 elementor-top-column elementor-element elementor-element-c73490f\" data-id=\"c73490f\" data-element_type=\"column\" data-e-type=\"column\">\n\t\t\t<div class=\"elementor-widget-wrap\">\n\t\t\t\t\t\t\t<\/div>\n\t\t<\/div>\n\t\t\t\t<div class=\"elementor-column elementor-col-66 elementor-top-column elementor-element elementor-element-e65c540\" data-id=\"e65c540\" data-element_type=\"column\" data-e-type=\"column\">\n\t\t\t<div class=\"elementor-widget-wrap elementor-element-populated\">\n\t\t\t\t\t\t<div class=\"elementor-element elementor-element-20ef741 elementor-widget elementor-widget-heading\" data-id=\"20ef741\" data-element_type=\"widget\" data-e-type=\"widget\" data-widget_type=\"heading.default\">\n\t\t\t\t<div class=\"elementor-widget-container\">\n\t\t\t\t\t<h2 class=\"elementor-heading-title elementor-size-default\">Actualites<\/h2>\t\t\t\t<\/div>\n\t\t\t\t<\/div>\n\t\t\t\t\t<\/div>\n\t\t<\/div>\n\t\t\t\t<div class=\"elementor-column elementor-col-16 elementor-top-column elementor-element elementor-element-cdcd37d\" data-id=\"cdcd37d\" data-element_type=\"column\" data-e-type=\"column\">\n\t\t\t<div class=\"elementor-widget-wrap\">\n\t\t\t\t\t\t\t<\/div>\n\t\t<\/div>\n\t\t\t\t\t<\/div>\n\t\t<\/section>\n\t\t\t\t<section class=\"elementor-section elementor-top-section elementor-element elementor-element-1fee05f elementor-section-boxed elementor-section-height-default elementor-section-height-default\" data-id=\"1fee05f\" data-element_type=\"section\" data-e-type=\"section\">\n\t\t\t\t\t\t<div class=\"elementor-container elementor-column-gap-default\">\n\t\t\t\t\t<div class=\"elementor-column elementor-col-100 elementor-top-column elementor-element elementor-element-5e93c01\" data-id=\"5e93c01\" data-element_type=\"column\" data-e-type=\"column\">\n\t\t\t<div class=\"elementor-widget-wrap elementor-element-populated\">\n\t\t\t\t\t\t<div class=\"elementor-element elementor-element-017e9e8 elementor-widget elementor-widget-spacer\" data-id=\"017e9e8\" data-element_type=\"widget\" data-e-type=\"widget\" data-widget_type=\"spacer.default\">\n\t\t\t\t<div class=\"elementor-widget-container\">\n\t\t\t\t\t\t\t<div class=\"elementor-spacer\">\n\t\t\t<div class=\"elementor-spacer-inner\"><\/div>\n\t\t<\/div>\n\t\t\t\t\t\t<\/div>\n\t\t\t\t<\/div>\n\t\t\t\t\t<\/div>\n\t\t<\/div>\n\t\t\t\t\t<\/div>\n\t\t<\/section>\n\t\t\t\t<section class=\"elementor-section elementor-top-section elementor-element elementor-element-2a3a7cd elementor-section-boxed elementor-section-height-default elementor-section-height-default\" data-id=\"2a3a7cd\" data-element_type=\"section\" data-e-type=\"section\">\n\t\t\t\t\t\t<div class=\"elementor-container elementor-column-gap-default\">\n\t\t\t\t\t<div class=\"elementor-column elementor-col-16 elementor-top-column elementor-element elementor-element-0834fb4\" data-id=\"0834fb4\" data-element_type=\"column\" data-e-type=\"column\">\n\t\t\t<div class=\"elementor-widget-wrap\">\n\t\t\t\t\t\t\t<\/div>\n\t\t<\/div>\n\t\t\t\t<div class=\"elementor-column elementor-col-66 elementor-top-column elementor-element elementor-element-24db180\" data-id=\"24db180\" data-element_type=\"column\" data-e-type=\"column\">\n\t\t\t<div class=\"elementor-widget-wrap elementor-element-populated\">\n\t\t\t\t\t\t<div class=\"elementor-element elementor-element-d4b0f0a elementor-widget elementor-widget-lps\" data-id=\"d4b0f0a\" data-element_type=\"widget\" data-e-type=\"widget\" data-widget_type=\"lps.default\">\n\t\t\t\t<div class=\"elementor-widget-container\">\n\t\t\t\t\t\t\t<div class=\"elementor-shortcode\"><!-- lps\/start --><div id=\"lps-8d039b25e3d9ca7528cb96e87fa50a78-wrap\" data-args=\"{&quot;ver&quot;:1,&quot;perpage&quot;:&quot;5&quot;,&quot;type&quot;:&quot;post&quot;,&quot;titletag&quot;:&quot;h3&quot;,&quot;chrlimit&quot;:&quot;120&quot;,&quot;display&quot;:&quot;title,date,excerpt-small&quot;,&quot;url&quot;:&quot;yes&quot;,&quot;linktext&quot;:&quot;Lire la suite&quot;,&quot;elements&quot;:&quot;26&quot;,&quot;css&quot;:&quot; as-overlay light&quot;,&quot;show_extra&quot;:&quot;ajax_pagination,pagination_all,date_diff,category&quot;,&quot;status&quot;:&quot;publish&quot;,&quot;orderby&quot;:&quot;dateD&quot;,&quot;offset&quot;:&quot;1&quot;,&quot;showpages&quot;:&quot;10&quot;,&quot;total_text&quot;:&quot;Total items: %d&quot;,&quot;alltext&quot;:&quot;All&quot;,&quot;pagespos&quot;:&quot;2&quot;,&quot;image&quot;:&quot;thumbnail&quot;}\" data-current=\"23\" data-perpage=\"5\" data-total=\"3\" class=\"lps-top-section-wrap\" data-url=\"https:\/\/art-foi-bordeaux.fr\/index.php?rest_route=%2Fwp%2Fv2%2Fpages%2F23\"><section class=\"latest-post-selection as-overlay light ajax_pagination\" id=\"lps-8d039b25e3d9ca7528cb96e87fa50a78\" style=\"\" role=\"list\"><article class=\"post-779 post type-post status-publish format-standard has-post-thumbnail hentry category-conference-sortie has-link\" style=\"background-image:url('https:\/\/art-foi-bordeaux.fr\/wp-content\/uploads\/2021\/06\/slider-1-150x150.png')\" data-lps-id=\"779\"><div class=\"lps-ontopof-overlay\" role=\"listitem\"><a href=\"https:\/\/art-foi-bordeaux.fr\/?p=779\" title=\"Programme des Journ\u00e9es du patrimoine  samedi 18 et   dimanche 19 septembre 2021\" class=\"article__link main-link\"> <h3 class=\"article__title item-title-tag\">Programme des Journ\u00e9es du patrimoine  samedi 18 et   dimanche 19 septembre 2021<\/h3> <em class=\"article__date item-date\">5 ans ago<\/em> <div class=\"article__text item-text\"><p>Programme des journ\u00e9es du patrimoine Les \u00e9glises de Bordeaux vous accueillent La cath\u00e9drale Saint Andr\u00e9 Visite des chapelles<\/p>\n<\/div> <div class=\"article__terms-wrap category lps-taxonomy-wrap\"><span class=\"article__terms-label category lps-taxonomy\">Cat\u00e9gories:<\/span> <span class=\"article__terms category lps-terms\">conf\u00e9rence - sortie<\/span><\/div> <span class=\"article__read-more read-more\">Lire la suite<\/span><\/a><\/div><\/article><article class=\"post-158 post type-post status-publish format-standard has-post-thumbnail hentry category-conference-sortie has-link\" style=\"background-image:url('https:\/\/art-foi-bordeaux.fr\/wp-content\/uploads\/2021\/06\/slider-3-150x150.png')\" data-lps-id=\"158\"><div class=\"lps-ontopof-overlay\" role=\"listitem\"><a href=\"https:\/\/art-foi-bordeaux.fr\/?p=158\" title=\"Conf\u00e9rence\" class=\"article__link main-link\"> <h3 class=\"article__title item-title-tag\">Conf\u00e9rence<\/h3> <em class=\"article__date item-date\">5 ans ago<\/em> <div class=\"article__text item-text\"><p>Lorem ipsum dolor sit amet, consectetur adipiscing elit. Ut elit tellus, luctus nec ullamcorper mattis, pulvinar dapibus<\/p>\n<\/div> <div class=\"article__terms-wrap category lps-taxonomy-wrap\"><span class=\"article__terms-label category lps-taxonomy\">Cat\u00e9gories:<\/span> <span class=\"article__terms category lps-terms\">conf\u00e9rence - sortie<\/span><\/div> <span class=\"article__read-more read-more\">Lire la suite<\/span><\/a><\/div><\/article><\/section><\/div><!-- lps\/end --><div class=\"clear\"><\/div><\/div>\n\t\t\t\t\t\t<\/div>\n\t\t\t\t<\/div>\n\t\t\t\t\t<\/div>\n\t\t<\/div>\n\t\t\t\t<div class=\"elementor-column elementor-col-16 elementor-top-column elementor-element elementor-element-a0def71\" data-id=\"a0def71\" data-element_type=\"column\" data-e-type=\"column\">\n\t\t\t<div class=\"elementor-widget-wrap\">\n\t\t\t\t\t\t\t<\/div>\n\t\t<\/div>\n\t\t\t\t\t<\/div>\n\t\t<\/section>\n\t\t\t\t<\/div>\n\t\t","protected":false},"excerpt":{"rendered":"<p>Actualites<\/p>\n","protected":false},"author":1,"featured_media":0,"parent":0,"menu_order":0,"comment_status":"closed","ping_status":"closed","template":"","meta":{"footnotes":""},"class_list":["post-23","page","type-page","status-publish","hentry"],"yoast_head":"<!-- This site is optimized with the Yoast SEO plugin v27.4 - https:\/\/yoast.com\/product\/yoast-seo-wordpress\/ -->\n<title>Actualites - Art-Foi Bordeaux<\/title>\n<meta name=\"robots\" content=\"index, follow, max-snippet:-1, max-image-preview:large, max-video-preview:-1\" \/>\n<link rel=\"canonical\" href=\"https:\/\/art-foi-bordeaux.fr\/?page_id=23\" \/>\n<meta property=\"og:locale\" content=\"fr_FR\" \/>\n<meta property=\"og:type\" content=\"article\" \/>\n<meta property=\"og:title\" content=\"Actualites - Art-Foi Bordeaux\" \/>\n<meta property=\"og:description\" content=\"Actualites\" \/>\n<meta property=\"og:url\" content=\"https:\/\/art-foi-bordeaux.fr\/?page_id=23\" \/>\n<meta property=\"og:site_name\" content=\"Art-Foi Bordeaux\" \/>\n<meta property=\"article:modified_time\" content=\"2021-07-08T15:31:48+00:00\" \/>\n<meta name=\"twitter:card\" content=\"summary_large_image\" \/>\n<meta name=\"twitter:label1\" content=\"Dur\u00e9e de lecture estim\u00e9e\" \/>\n\t<meta name=\"twitter:data1\" content=\"1 minute\" \/>\n<script type=\"application\/ld+json\" class=\"yoast-schema-graph\">{\"@context\":\"https:\\\/\\\/schema.org\",\"@graph\":[{\"@type\":\"WebPage\",\"@id\":\"https:\\\/\\\/art-foi-bordeaux.fr\\\/?page_id=23\",\"url\":\"https:\\\/\\\/art-foi-bordeaux.fr\\\/?page_id=23\",\"name\":\"Actualites - Art-Foi Bordeaux\",\"isPartOf\":{\"@id\":\"https:\\\/\\\/art-foi-bordeaux.fr\\\/#website\"},\"datePublished\":\"2021-06-04T14:15:44+00:00\",\"dateModified\":\"2021-07-08T15:31:48+00:00\",\"breadcrumb\":{\"@id\":\"https:\\\/\\\/art-foi-bordeaux.fr\\\/?page_id=23#breadcrumb\"},\"inLanguage\":\"fr-FR\",\"potentialAction\":[{\"@type\":\"ReadAction\",\"target\":[\"https:\\\/\\\/art-foi-bordeaux.fr\\\/?page_id=23\"]}]},{\"@type\":\"BreadcrumbList\",\"@id\":\"https:\\\/\\\/art-foi-bordeaux.fr\\\/?page_id=23#breadcrumb\",\"itemListElement\":[{\"@type\":\"ListItem\",\"position\":1,\"name\":\"Accueil\",\"item\":\"https:\\\/\\\/art-foi-bordeaux.fr\\\/\"},{\"@type\":\"ListItem\",\"position\":2,\"name\":\"Actualites\"}]},{\"@type\":\"WebSite\",\"@id\":\"https:\\\/\\\/art-foi-bordeaux.fr\\\/#website\",\"url\":\"https:\\\/\\\/art-foi-bordeaux.fr\\\/\",\"name\":\"Art-Foi Bordeaux\",\"description\":\"\",\"publisher\":{\"@id\":\"https:\\\/\\\/art-foi-bordeaux.fr\\\/#organization\"},\"potentialAction\":[{\"@type\":\"SearchAction\",\"target\":{\"@type\":\"EntryPoint\",\"urlTemplate\":\"https:\\\/\\\/art-foi-bordeaux.fr\\\/?s={search_term_string}\"},\"query-input\":{\"@type\":\"PropertyValueSpecification\",\"valueRequired\":true,\"valueName\":\"search_term_string\"}}],\"inLanguage\":\"fr-FR\"},{\"@type\":\"Organization\",\"@id\":\"https:\\\/\\\/art-foi-bordeaux.fr\\\/#organization\",\"name\":\"Art-Foi Bordeaux\",\"url\":\"https:\\\/\\\/art-foi-bordeaux.fr\\\/\",\"logo\":{\"@type\":\"ImageObject\",\"inLanguage\":\"fr-FR\",\"@id\":\"https:\\\/\\\/art-foi-bordeaux.fr\\\/#\\\/schema\\\/logo\\\/image\\\/\",\"url\":\"https:\\\/\\\/art-foi-bordeaux.fr\\\/wp-content\\\/uploads\\\/2021\\\/06\\\/cropped-cropped-logo-ars-et-fides-1.png\",\"contentUrl\":\"https:\\\/\\\/art-foi-bordeaux.fr\\\/wp-content\\\/uploads\\\/2021\\\/06\\\/cropped-cropped-logo-ars-et-fides-1.png\",\"width\":512,\"height\":512,\"caption\":\"Art-Foi Bordeaux\"},\"image\":{\"@id\":\"https:\\\/\\\/art-foi-bordeaux.fr\\\/#\\\/schema\\\/logo\\\/image\\\/\"}}]}<\/script>\n<!-- \/ Yoast SEO plugin. -->","yoast_head_json":{"title":"Actualites - Art-Foi Bordeaux","robots":{"index":"index","follow":"follow","max-snippet":"max-snippet:-1","max-image-preview":"max-image-preview:large","max-video-preview":"max-video-preview:-1"},"canonical":"https:\/\/art-foi-bordeaux.fr\/?page_id=23","og_locale":"fr_FR","og_type":"article","og_title":"Actualites - Art-Foi Bordeaux","og_description":"Actualites","og_url":"https:\/\/art-foi-bordeaux.fr\/?page_id=23","og_site_name":"Art-Foi Bordeaux","article_modified_time":"2021-07-08T15:31:48+00:00","twitter_card":"summary_large_image","twitter_misc":{"Dur\u00e9e de lecture estim\u00e9e":"1 minute"},"schema":{"@context":"https:\/\/schema.org","@graph":[{"@type":"WebPage","@id":"https:\/\/art-foi-bordeaux.fr\/?page_id=23","url":"https:\/\/art-foi-bordeaux.fr\/?page_id=23","name":"Actualites - Art-Foi Bordeaux","isPartOf":{"@id":"https:\/\/art-foi-bordeaux.fr\/#website"},"datePublished":"2021-06-04T14:15:44+00:00","dateModified":"2021-07-08T15:31:48+00:00","breadcrumb":{"@id":"https:\/\/art-foi-bordeaux.fr\/?page_id=23#breadcrumb"},"inLanguage":"fr-FR","potentialAction":[{"@type":"ReadAction","target":["https:\/\/art-foi-bordeaux.fr\/?page_id=23"]}]},{"@type":"BreadcrumbList","@id":"https:\/\/art-foi-bordeaux.fr\/?page_id=23#breadcrumb","itemListElement":[{"@type":"ListItem","position":1,"name":"Accueil","item":"https:\/\/art-foi-bordeaux.fr\/"},{"@type":"ListItem","position":2,"name":"Actualites"}]},{"@type":"WebSite","@id":"https:\/\/art-foi-bordeaux.fr\/#website","url":"https:\/\/art-foi-bordeaux.fr\/","name":"Art-Foi Bordeaux","description":"","publisher":{"@id":"https:\/\/art-foi-bordeaux.fr\/#organization"},"potentialAction":[{"@type":"SearchAction","target":{"@type":"EntryPoint","urlTemplate":"https:\/\/art-foi-bordeaux.fr\/?s={search_term_string}"},"query-input":{"@type":"PropertyValueSpecification","valueRequired":true,"valueName":"search_term_string"}}],"inLanguage":"fr-FR"},{"@type":"Organization","@id":"https:\/\/art-foi-bordeaux.fr\/#organization","name":"Art-Foi Bordeaux","url":"https:\/\/art-foi-bordeaux.fr\/","logo":{"@type":"ImageObject","inLanguage":"fr-FR","@id":"https:\/\/art-foi-bordeaux.fr\/#\/schema\/logo\/image\/","url":"https:\/\/art-foi-bordeaux.fr\/wp-content\/uploads\/2021\/06\/cropped-cropped-logo-ars-et-fides-1.png","contentUrl":"https:\/\/art-foi-bordeaux.fr\/wp-content\/uploads\/2021\/06\/cropped-cropped-logo-ars-et-fides-1.png","width":512,"height":512,"caption":"Art-Foi Bordeaux"},"image":{"@id":"https:\/\/art-foi-bordeaux.fr\/#\/schema\/logo\/image\/"}}]}},"_links":{"self":[{"href":"https:\/\/art-foi-bordeaux.fr\/index.php?rest_route=\/wp\/v2\/pages\/23","targetHints":{"allow":["GET"]}}],"collection":[{"href":"https:\/\/art-foi-bordeaux.fr\/index.php?rest_route=\/wp\/v2\/pages"}],"about":[{"href":"https:\/\/art-foi-bordeaux.fr\/index.php?rest_route=\/wp\/v2\/types\/page"}],"author":[{"embeddable":true,"href":"https:\/\/art-foi-bordeaux.fr\/index.php?rest_route=\/wp\/v2\/users\/1"}],"replies":[{"embeddable":true,"href":"https:\/\/art-foi-bordeaux.fr\/index.php?rest_route=%2Fwp%2Fv2%2Fcomments&post=23"}],"version-history":[{"count":61,"href":"https:\/\/art-foi-bordeaux.fr\/index.php?rest_route=\/wp\/v2\/pages\/23\/revisions"}],"predecessor-version":[{"id":1336,"href":"https:\/\/art-foi-bordeaux.fr\/index.php?rest_route=\/wp\/v2\/pages\/23\/revisions\/1336"}],"wp:attachment":[{"href":"https:\/\/art-foi-bordeaux.fr\/index.php?rest_route=%2Fwp%2Fv2%2Fmedia&parent=23"}],"curies":[{"name":"wp","href":"https:\/\/api.w.org\/{rel}","templated":true}]}}