{"id":551,"date":"2021-06-15T14:21:16","date_gmt":"2021-06-15T14:21:16","guid":{"rendered":"https:\/\/art-foi-bordeaux.fr\/?page_id=551"},"modified":"2021-07-07T22:04:19","modified_gmt":"2021-07-07T22:04:19","slug":"cathedrale-saint-andre","status":"publish","type":"page","link":"https:\/\/art-foi-bordeaux.fr\/?page_id=551","title":{"rendered":"Cath\u00e9drale Saint Andr\u00e9"},"content":{"rendered":"\t\t<div data-elementor-type=\"wp-page\" data-elementor-id=\"551\" class=\"elementor elementor-551\">\n\t\t\t\t\t\t<section class=\"elementor-section elementor-top-section elementor-element elementor-element-459d1a0 elementor-section-boxed elementor-section-height-default elementor-section-height-default\" data-id=\"459d1a0\" data-element_type=\"section\" data-e-type=\"section\">\n\t\t\t\t\t\t<div class=\"elementor-container elementor-column-gap-default\">\n\t\t\t\t\t<div class=\"elementor-column elementor-col-100 elementor-top-column elementor-element elementor-element-e087bff\" data-id=\"e087bff\" data-element_type=\"column\" data-e-type=\"column\">\n\t\t\t<div class=\"elementor-widget-wrap elementor-element-populated\">\n\t\t\t\t\t\t<div class=\"elementor-element elementor-element-0fd5c61 elementor-widget elementor-widget-heading\" data-id=\"0fd5c61\" data-element_type=\"widget\" data-e-type=\"widget\" data-widget_type=\"heading.default\">\n\t\t\t\t<div class=\"elementor-widget-container\">\n\t\t\t\t\t<h2 class=\"elementor-heading-title elementor-size-default\">Cath\u00e9drale Saint Andr\u00e9\n<\/h2>\t\t\t\t<\/div>\n\t\t\t\t<\/div>\n\t\t\t\t\t<\/div>\n\t\t<\/div>\n\t\t\t\t\t<\/div>\n\t\t<\/section>\n\t\t\t\t<section class=\"elementor-section elementor-top-section elementor-element elementor-element-4254298 elementor-section-boxed elementor-section-height-default elementor-section-height-default\" data-id=\"4254298\" data-element_type=\"section\" data-e-type=\"section\">\n\t\t\t\t\t\t<div class=\"elementor-container elementor-column-gap-default\">\n\t\t\t\t\t<div class=\"elementor-column elementor-col-100 elementor-top-column elementor-element elementor-element-4b10355\" data-id=\"4b10355\" data-element_type=\"column\" data-e-type=\"column\">\n\t\t\t<div class=\"elementor-widget-wrap elementor-element-populated\">\n\t\t\t\t\t\t<div class=\"elementor-element elementor-element-470dca9 elementor-widget elementor-widget-spacer\" data-id=\"470dca9\" data-element_type=\"widget\" data-e-type=\"widget\" data-widget_type=\"spacer.default\">\n\t\t\t\t<div class=\"elementor-widget-container\">\n\t\t\t\t\t\t\t<div class=\"elementor-spacer\">\n\t\t\t<div class=\"elementor-spacer-inner\"><\/div>\n\t\t<\/div>\n\t\t\t\t\t\t<\/div>\n\t\t\t\t<\/div>\n\t\t\t\t\t<\/div>\n\t\t<\/div>\n\t\t\t\t\t<\/div>\n\t\t<\/section>\n\t\t\t\t<section class=\"elementor-section elementor-top-section elementor-element elementor-element-908feb6 elementor-section-boxed elementor-section-height-default elementor-section-height-default\" data-id=\"908feb6\" data-element_type=\"section\" data-e-type=\"section\">\n\t\t\t\t\t\t<div class=\"elementor-container elementor-column-gap-default\">\n\t\t\t\t\t<div class=\"elementor-column elementor-col-16 elementor-top-column elementor-element elementor-element-ffe1d78\" data-id=\"ffe1d78\" data-element_type=\"column\" data-e-type=\"column\">\n\t\t\t<div class=\"elementor-widget-wrap\">\n\t\t\t\t\t\t\t<\/div>\n\t\t<\/div>\n\t\t\t\t<div class=\"elementor-column elementor-col-66 elementor-top-column elementor-element elementor-element-5edbb86\" data-id=\"5edbb86\" data-element_type=\"column\" data-e-type=\"column\">\n\t\t\t<div class=\"elementor-widget-wrap elementor-element-populated\">\n\t\t\t\t\t\t<div class=\"elementor-element elementor-element-7636801 elementor-widget elementor-widget-text-editor\" data-id=\"7636801\" data-element_type=\"widget\" data-e-type=\"widget\" data-widget_type=\"text-editor.default\">\n\t\t\t\t<div class=\"elementor-widget-container\">\n\t\t\t\t\t\t\t\t\t<p style=\"text-align: center;\"><span style=\"font-family: helvetica, arial, sans-serif;\"><span style=\"font-weight: 400;\">Apr\u00e8s cinq si\u00e8cles d\u2019invasions destructrices : Wisigoths, barbares, Sarrasins, Vikings en 848 et 864\u2026, cette \u00e9glise reconstruite au XI<\/span><span style=\"font-weight: 400;\">e<\/span><span style=\"font-weight: 400;\"> si\u00e8cle en style roman fut consacr\u00e9e cath\u00e9drale par le pape Urbain II en 1096. Puis la nef, le c\u0153ur et le d\u00e9ambulatoire adoptaient le style gothique, y compris la magnifique Porte royale. Le Pape Cl\u00e9ment V y fut le 1<\/span><span style=\"font-weight: 400;\">er<\/span><span style=\"font-weight: 400;\"> Archev\u00eaque. Cette cath\u00e9drale de l\u2019archidioc\u00e8se de Bordeaux a marqu\u00e9 l\u2019histoire avec notamment le mariage d\u2019Ali\u00e9nor d\u2019Aquitaine et le futur roi Louis VII en 1137, ainsi que le mariage de Louis XIII et d\u2019Anne d\u2019Autriche en 1615. Jusqu\u2019\u00e0 Napol\u00e9on III, peu de rois de France ne se sont pas recueillis dans la Primatiale d\u2019Aquitaine.<\/span><\/span><\/p>\t\t\t\t\t\t\t\t<\/div>\n\t\t\t\t<\/div>\n\t\t\t\t\t<\/div>\n\t\t<\/div>\n\t\t\t\t<div class=\"elementor-column elementor-col-16 elementor-top-column elementor-element elementor-element-25ffaf0\" data-id=\"25ffaf0\" data-element_type=\"column\" data-e-type=\"column\">\n\t\t\t<div class=\"elementor-widget-wrap\">\n\t\t\t\t\t\t\t<\/div>\n\t\t<\/div>\n\t\t\t\t\t<\/div>\n\t\t<\/section>\n\t\t\t\t<section class=\"elementor-section elementor-top-section elementor-element elementor-element-f9f4d84 elementor-section-boxed elementor-section-height-default elementor-section-height-default\" data-id=\"f9f4d84\" data-element_type=\"section\" data-e-type=\"section\">\n\t\t\t\t\t\t<div class=\"elementor-container elementor-column-gap-default\">\n\t\t\t\t\t<div class=\"elementor-column elementor-col-100 elementor-top-column elementor-element elementor-element-078c821\" data-id=\"078c821\" data-element_type=\"column\" data-e-type=\"column\">\n\t\t\t<div class=\"elementor-widget-wrap elementor-element-populated\">\n\t\t\t\t\t\t<div class=\"elementor-element elementor-element-3526d59 elementor-widget elementor-widget-spacer\" data-id=\"3526d59\" data-element_type=\"widget\" data-e-type=\"widget\" data-widget_type=\"spacer.default\">\n\t\t\t\t<div class=\"elementor-widget-container\">\n\t\t\t\t\t\t\t<div class=\"elementor-spacer\">\n\t\t\t<div class=\"elementor-spacer-inner\"><\/div>\n\t\t<\/div>\n\t\t\t\t\t\t<\/div>\n\t\t\t\t<\/div>\n\t\t\t\t\t<\/div>\n\t\t<\/div>\n\t\t\t\t\t<\/div>\n\t\t<\/section>\n\t\t\t\t<section class=\"elementor-section elementor-top-section elementor-element elementor-element-89581d2 elementor-section-boxed elementor-section-height-default elementor-section-height-default\" data-id=\"89581d2\" data-element_type=\"section\" data-e-type=\"section\">\n\t\t\t\t\t\t<div class=\"elementor-container elementor-column-gap-default\">\n\t\t\t\t\t<div class=\"elementor-column elementor-col-100 elementor-top-column elementor-element elementor-element-a6ef59b\" data-id=\"a6ef59b\" data-element_type=\"column\" data-e-type=\"column\">\n\t\t\t<div class=\"elementor-widget-wrap elementor-element-populated\">\n\t\t\t\t\t\t<div class=\"elementor-element elementor-element-c6489dd elementor-widget elementor-widget-heading\" data-id=\"c6489dd\" data-element_type=\"widget\" data-e-type=\"widget\" data-widget_type=\"heading.default\">\n\t\t\t\t<div class=\"elementor-widget-container\">\n\t\t\t\t\t<h2 class=\"elementor-heading-title elementor-size-default\">Ou la trouver ?<\/h2>\t\t\t\t<\/div>\n\t\t\t\t<\/div>\n\t\t\t\t\t<\/div>\n\t\t<\/div>\n\t\t\t\t\t<\/div>\n\t\t<\/section>\n\t\t\t\t<section class=\"elementor-section elementor-top-section elementor-element elementor-element-acb3135 elementor-section-boxed elementor-section-height-default elementor-section-height-default\" data-id=\"acb3135\" data-element_type=\"section\" data-e-type=\"section\">\n\t\t\t\t\t\t<div class=\"elementor-container elementor-column-gap-default\">\n\t\t\t\t\t<div class=\"elementor-column elementor-col-100 elementor-top-column elementor-element elementor-element-a631783\" data-id=\"a631783\" data-element_type=\"column\" data-e-type=\"column\">\n\t\t\t<div class=\"elementor-widget-wrap elementor-element-populated\">\n\t\t\t\t\t\t<div class=\"elementor-element elementor-element-3873126 elementor-widget elementor-widget-spacer\" data-id=\"3873126\" data-element_type=\"widget\" data-e-type=\"widget\" data-widget_type=\"spacer.default\">\n\t\t\t\t<div class=\"elementor-widget-container\">\n\t\t\t\t\t\t\t<div class=\"elementor-spacer\">\n\t\t\t<div class=\"elementor-spacer-inner\"><\/div>\n\t\t<\/div>\n\t\t\t\t\t\t<\/div>\n\t\t\t\t<\/div>\n\t\t\t\t\t<\/div>\n\t\t<\/div>\n\t\t\t\t\t<\/div>\n\t\t<\/section>\n\t\t\t\t<section class=\"elementor-section elementor-top-section elementor-element elementor-element-d619f96 elementor-section-boxed elementor-section-height-default elementor-section-height-default\" data-id=\"d619f96\" data-element_type=\"section\" data-e-type=\"section\">\n\t\t\t\t\t\t<div class=\"elementor-container elementor-column-gap-default\">\n\t\t\t\t\t<div class=\"elementor-column elementor-col-100 elementor-top-column elementor-element elementor-element-09cee5a\" data-id=\"09cee5a\" data-element_type=\"column\" data-e-type=\"column\">\n\t\t\t<div class=\"elementor-widget-wrap elementor-element-populated\">\n\t\t\t\t\t\t<div class=\"elementor-element elementor-element-d1df210 elementor-widget elementor-widget-google_maps\" data-id=\"d1df210\" data-element_type=\"widget\" data-e-type=\"widget\" data-widget_type=\"google_maps.default\">\n\t\t\t\t<div class=\"elementor-widget-container\">\n\t\t\t\t\t\t\t<div class=\"elementor-custom-embed\">\n\t\t\t<iframe loading=\"lazy\"\n\t\t\t\t\tsrc=\"https:\/\/maps.google.com\/maps?q=Cath%C3%A9drale%20Saint-Andr%C3%A9%20de%20Bordeaux&#038;t=m&#038;z=13&#038;output=embed&#038;iwloc=near\"\n\t\t\t\t\ttitle=\"Cath\u00e9drale Saint-Andr\u00e9 de Bordeaux\"\n\t\t\t\t\taria-label=\"Cath\u00e9drale Saint-Andr\u00e9 de Bordeaux\"\n\t\t\t><\/iframe>\n\t\t<\/div>\n\t\t\t\t\t\t<\/div>\n\t\t\t\t<\/div>\n\t\t\t\t\t<\/div>\n\t\t<\/div>\n\t\t\t\t\t<\/div>\n\t\t<\/section>\n\t\t\t\t<section class=\"elementor-section elementor-top-section elementor-element elementor-element-9e9ec4a elementor-section-boxed elementor-section-height-default elementor-section-height-default\" data-id=\"9e9ec4a\" data-element_type=\"section\" data-e-type=\"section\">\n\t\t\t\t\t\t<div class=\"elementor-container elementor-column-gap-default\">\n\t\t\t\t\t<div class=\"elementor-column elementor-col-100 elementor-top-column elementor-element elementor-element-35d6d61\" data-id=\"35d6d61\" data-element_type=\"column\" data-e-type=\"column\">\n\t\t\t<div class=\"elementor-widget-wrap elementor-element-populated\">\n\t\t\t\t\t\t<div class=\"elementor-element elementor-element-de95fae elementor-widget elementor-widget-spacer\" data-id=\"de95fae\" data-element_type=\"widget\" data-e-type=\"widget\" data-widget_type=\"spacer.default\">\n\t\t\t\t<div class=\"elementor-widget-container\">\n\t\t\t\t\t\t\t<div class=\"elementor-spacer\">\n\t\t\t<div class=\"elementor-spacer-inner\"><\/div>\n\t\t<\/div>\n\t\t\t\t\t\t<\/div>\n\t\t\t\t<\/div>\n\t\t\t\t\t<\/div>\n\t\t<\/div>\n\t\t\t\t\t<\/div>\n\t\t<\/section>\n\t\t\t\t<section class=\"elementor-section elementor-top-section elementor-element elementor-element-ab5c79d elementor-section-boxed elementor-section-height-default elementor-section-height-default\" data-id=\"ab5c79d\" data-element_type=\"section\" data-e-type=\"section\">\n\t\t\t\t\t\t<div class=\"elementor-container elementor-column-gap-default\">\n\t\t\t\t\t<div class=\"elementor-column elementor-col-100 elementor-top-column elementor-element elementor-element-6e108ed\" data-id=\"6e108ed\" data-element_type=\"column\" data-e-type=\"column\">\n\t\t\t<div class=\"elementor-widget-wrap elementor-element-populated\">\n\t\t\t\t\t\t<div class=\"elementor-element elementor-element-a63deac elementor-widget elementor-widget-heading\" data-id=\"a63deac\" data-element_type=\"widget\" data-e-type=\"widget\" data-widget_type=\"heading.default\">\n\t\t\t\t<div class=\"elementor-widget-container\">\n\t\t\t\t\t<h2 class=\"elementor-heading-title elementor-size-default\">Quand peut-on la visiter ?<\/h2>\t\t\t\t<\/div>\n\t\t\t\t<\/div>\n\t\t\t\t\t<\/div>\n\t\t<\/div>\n\t\t\t\t\t<\/div>\n\t\t<\/section>\n\t\t\t\t<section class=\"elementor-section elementor-top-section elementor-element elementor-element-dd3b35f elementor-section-boxed elementor-section-height-default elementor-section-height-default\" data-id=\"dd3b35f\" data-element_type=\"section\" data-e-type=\"section\">\n\t\t\t\t\t\t<div class=\"elementor-container elementor-column-gap-default\">\n\t\t\t\t\t<div class=\"elementor-column elementor-col-100 elementor-top-column elementor-element elementor-element-2b8fca7\" data-id=\"2b8fca7\" data-element_type=\"column\" data-e-type=\"column\">\n\t\t\t<div class=\"elementor-widget-wrap elementor-element-populated\">\n\t\t\t\t\t\t<div class=\"elementor-element elementor-element-aee0a6b elementor-widget elementor-widget-spacer\" data-id=\"aee0a6b\" data-element_type=\"widget\" data-e-type=\"widget\" data-widget_type=\"spacer.default\">\n\t\t\t\t<div class=\"elementor-widget-container\">\n\t\t\t\t\t\t\t<div class=\"elementor-spacer\">\n\t\t\t<div class=\"elementor-spacer-inner\"><\/div>\n\t\t<\/div>\n\t\t\t\t\t\t<\/div>\n\t\t\t\t<\/div>\n\t\t\t\t\t<\/div>\n\t\t<\/div>\n\t\t\t\t\t<\/div>\n\t\t<\/section>\n\t\t\t\t<section class=\"elementor-section elementor-top-section elementor-element elementor-element-32880c6 elementor-section-boxed elementor-section-height-default elementor-section-height-default\" data-id=\"32880c6\" data-element_type=\"section\" data-e-type=\"section\">\n\t\t\t\t\t\t<div class=\"elementor-container elementor-column-gap-default\">\n\t\t\t\t\t<div class=\"elementor-column elementor-col-16 elementor-top-column elementor-element elementor-element-4e3bbdc\" data-id=\"4e3bbdc\" data-element_type=\"column\" data-e-type=\"column\">\n\t\t\t<div class=\"elementor-widget-wrap\">\n\t\t\t\t\t\t\t<\/div>\n\t\t<\/div>\n\t\t\t\t<div class=\"elementor-column elementor-col-66 elementor-top-column elementor-element elementor-element-98820bc\" data-id=\"98820bc\" data-element_type=\"column\" data-e-type=\"column\">\n\t\t\t<div class=\"elementor-widget-wrap elementor-element-populated\">\n\t\t\t\t\t\t<div class=\"elementor-element elementor-element-274964a elementor-widget elementor-widget-text-editor\" data-id=\"274964a\" data-element_type=\"widget\" data-e-type=\"widget\" data-widget_type=\"text-editor.default\">\n\t\t\t\t<div class=\"elementor-widget-container\">\n\t\t\t\t\t\t\t\t\t<p style=\"text-align: center;\"><span style=\"font-family: helvetica, arial, sans-serif;\">Visite tous les samedis et le premier dimanche du mois .<\/span><\/p>\t\t\t\t\t\t\t\t<\/div>\n\t\t\t\t<\/div>\n\t\t\t\t\t<\/div>\n\t\t<\/div>\n\t\t\t\t<div class=\"elementor-column elementor-col-16 elementor-top-column elementor-element elementor-element-ee937e7\" data-id=\"ee937e7\" data-element_type=\"column\" data-e-type=\"column\">\n\t\t\t<div class=\"elementor-widget-wrap\">\n\t\t\t\t\t\t\t<\/div>\n\t\t<\/div>\n\t\t\t\t\t<\/div>\n\t\t<\/section>\n\t\t\t\t<section class=\"elementor-section elementor-top-section elementor-element elementor-element-5e74f47 elementor-section-boxed elementor-section-height-default elementor-section-height-default\" data-id=\"5e74f47\" data-element_type=\"section\" data-e-type=\"section\">\n\t\t\t\t\t\t<div class=\"elementor-container elementor-column-gap-default\">\n\t\t\t\t\t<div class=\"elementor-column elementor-col-16 elementor-top-column elementor-element elementor-element-aac52c4\" data-id=\"aac52c4\" data-element_type=\"column\" data-e-type=\"column\">\n\t\t\t<div class=\"elementor-widget-wrap\">\n\t\t\t\t\t\t\t<\/div>\n\t\t<\/div>\n\t\t\t\t<div class=\"elementor-column elementor-col-66 elementor-top-column elementor-element elementor-element-56f92f4\" data-id=\"56f92f4\" data-element_type=\"column\" data-e-type=\"column\">\n\t\t\t<div class=\"elementor-widget-wrap elementor-element-populated\">\n\t\t\t\t\t\t<div class=\"elementor-element elementor-element-0d9d416 elementor-widget elementor-widget-text-editor\" data-id=\"0d9d416\" data-element_type=\"widget\" data-e-type=\"widget\" data-widget_type=\"text-editor.default\">\n\t\t\t\t<div class=\"elementor-widget-container\">\n\t\t\t\t\t\t\t\t\t<h6 style=\"text-align: center;\"><span style=\"font-family: helvetica, arial, sans-serif; font-size: 14pt; color: #833d00;\">A partir du <strong>10 juillet<\/strong> visite possible sauf lundi et mardi.<\/span><\/h6>\t\t\t\t\t\t\t\t<\/div>\n\t\t\t\t<\/div>\n\t\t\t\t\t<\/div>\n\t\t<\/div>\n\t\t\t\t<div class=\"elementor-column elementor-col-16 elementor-top-column elementor-element elementor-element-ed25782\" data-id=\"ed25782\" data-element_type=\"column\" data-e-type=\"column\">\n\t\t\t<div class=\"elementor-widget-wrap\">\n\t\t\t\t\t\t\t<\/div>\n\t\t<\/div>\n\t\t\t\t\t<\/div>\n\t\t<\/section>\n\t\t\t\t<section class=\"elementor-section elementor-top-section elementor-element elementor-element-cb5a960 elementor-section-boxed elementor-section-height-default elementor-section-height-default\" data-id=\"cb5a960\" data-element_type=\"section\" data-e-type=\"section\">\n\t\t\t\t\t\t<div class=\"elementor-container elementor-column-gap-default\">\n\t\t\t\t\t<div class=\"elementor-column elementor-col-16 elementor-top-column elementor-element elementor-element-5bfaf36\" data-id=\"5bfaf36\" data-element_type=\"column\" data-e-type=\"column\">\n\t\t\t<div class=\"elementor-widget-wrap\">\n\t\t\t\t\t\t\t<\/div>\n\t\t<\/div>\n\t\t\t\t<div class=\"elementor-column elementor-col-66 elementor-top-column elementor-element elementor-element-571d278\" data-id=\"571d278\" data-element_type=\"column\" data-e-type=\"column\">\n\t\t\t<div class=\"elementor-widget-wrap elementor-element-populated\">\n\t\t\t\t\t\t<div class=\"elementor-element elementor-element-41a56ad elementor-align-center elementor-widget elementor-widget-button\" data-id=\"41a56ad\" data-element_type=\"widget\" data-e-type=\"widget\" data-widget_type=\"button.default\">\n\t\t\t\t<div class=\"elementor-widget-container\">\n\t\t\t\t\t\t\t\t\t<div class=\"elementor-button-wrapper\">\n\t\t\t\t\t<a class=\"elementor-button elementor-button-link elementor-size-sm\" href=\"https:\/\/art-foi-bordeaux.fr\/contact\/\">\n\t\t\t\t\t\t<span class=\"elementor-button-content-wrapper\">\n\t\t\t\t\t\t\t\t\t<span class=\"elementor-button-text\">Formulaire visite Priv\u00e9<\/span>\n\t\t\t\t\t<\/span>\n\t\t\t\t\t<\/a>\n\t\t\t\t<\/div>\n\t\t\t\t\t\t\t\t<\/div>\n\t\t\t\t<\/div>\n\t\t\t\t\t<\/div>\n\t\t<\/div>\n\t\t\t\t<div class=\"elementor-column elementor-col-16 elementor-top-column elementor-element elementor-element-4f966a8\" data-id=\"4f966a8\" data-element_type=\"column\" data-e-type=\"column\">\n\t\t\t<div class=\"elementor-widget-wrap\">\n\t\t\t\t\t\t\t<\/div>\n\t\t<\/div>\n\t\t\t\t\t<\/div>\n\t\t<\/section>\n\t\t\t\t<\/div>\n\t\t","protected":false},"excerpt":{"rendered":"<p>Cath\u00e9drale Saint Andr\u00e9 Apr\u00e8s cinq si\u00e8cles d\u2019invasions destructrices : Wisigoths, barbares, Sarrasins, Vikings en 848 et 864\u2026, cette \u00e9glise reconstruite au XIe si\u00e8cle en style &hellip; <\/p>\n","protected":false},"author":1,"featured_media":0,"parent":0,"menu_order":0,"comment_status":"closed","ping_status":"closed","template":"","meta":{"footnotes":""},"class_list":["post-551","page","type-page","status-publish","hentry"],"yoast_head":"<!-- This site is optimized with the Yoast SEO plugin v27.4 - https:\/\/yoast.com\/product\/yoast-seo-wordpress\/ -->\n<title>Cath\u00e9drale Saint Andr\u00e9 - Art-Foi Bordeaux<\/title>\n<meta name=\"description\" content=\"Les Amis d&#039;ART-FOI proposent de visiter gratuitement Cath\u00e9drale Saint Andr\u00e9 l&#039;un des monuments religieux de Bordeaux.\" \/>\n<meta name=\"robots\" content=\"index, follow, max-snippet:-1, max-image-preview:large, max-video-preview:-1\" \/>\n<link rel=\"canonical\" href=\"https:\/\/art-foi-bordeaux.fr\/?page_id=551\" \/>\n<meta property=\"og:locale\" content=\"fr_FR\" \/>\n<meta property=\"og:type\" content=\"article\" \/>\n<meta property=\"og:title\" content=\"Cath\u00e9drale Saint Andr\u00e9 - Art-Foi Bordeaux\" \/>\n<meta property=\"og:description\" content=\"Les Amis d&#039;ART-FOI proposent de visiter gratuitement Cath\u00e9drale Saint Andr\u00e9 l&#039;un des monuments religieux de Bordeaux.\" \/>\n<meta property=\"og:url\" content=\"https:\/\/art-foi-bordeaux.fr\/?page_id=551\" \/>\n<meta property=\"og:site_name\" content=\"Art-Foi Bordeaux\" \/>\n<meta property=\"article:modified_time\" content=\"2021-07-07T22:04:19+00:00\" \/>\n<meta name=\"twitter:card\" content=\"summary_large_image\" \/>\n<meta name=\"twitter:label1\" content=\"Dur\u00e9e de lecture estim\u00e9e\" \/>\n\t<meta name=\"twitter:data1\" content=\"1 minute\" \/>\n<script type=\"application\/ld+json\" class=\"yoast-schema-graph\">{\"@context\":\"https:\\\/\\\/schema.org\",\"@graph\":[{\"@type\":\"WebPage\",\"@id\":\"https:\\\/\\\/art-foi-bordeaux.fr\\\/?page_id=551\",\"url\":\"https:\\\/\\\/art-foi-bordeaux.fr\\\/?page_id=551\",\"name\":\"Cath\u00e9drale Saint Andr\u00e9 - Art-Foi Bordeaux\",\"isPartOf\":{\"@id\":\"https:\\\/\\\/art-foi-bordeaux.fr\\\/#website\"},\"datePublished\":\"2021-06-15T14:21:16+00:00\",\"dateModified\":\"2021-07-07T22:04:19+00:00\",\"description\":\"Les Amis d'ART-FOI proposent de visiter gratuitement Cath\u00e9drale Saint Andr\u00e9 l'un des monuments religieux de Bordeaux.\",\"breadcrumb\":{\"@id\":\"https:\\\/\\\/art-foi-bordeaux.fr\\\/?page_id=551#breadcrumb\"},\"inLanguage\":\"fr-FR\",\"potentialAction\":[{\"@type\":\"ReadAction\",\"target\":[\"https:\\\/\\\/art-foi-bordeaux.fr\\\/?page_id=551\"]}]},{\"@type\":\"BreadcrumbList\",\"@id\":\"https:\\\/\\\/art-foi-bordeaux.fr\\\/?page_id=551#breadcrumb\",\"itemListElement\":[{\"@type\":\"ListItem\",\"position\":1,\"name\":\"Accueil\",\"item\":\"https:\\\/\\\/art-foi-bordeaux.fr\\\/\"},{\"@type\":\"ListItem\",\"position\":2,\"name\":\"Cath\u00e9drale Saint Andr\u00e9\"}]},{\"@type\":\"WebSite\",\"@id\":\"https:\\\/\\\/art-foi-bordeaux.fr\\\/#website\",\"url\":\"https:\\\/\\\/art-foi-bordeaux.fr\\\/\",\"name\":\"Art-Foi Bordeaux\",\"description\":\"\",\"publisher\":{\"@id\":\"https:\\\/\\\/art-foi-bordeaux.fr\\\/#organization\"},\"potentialAction\":[{\"@type\":\"SearchAction\",\"target\":{\"@type\":\"EntryPoint\",\"urlTemplate\":\"https:\\\/\\\/art-foi-bordeaux.fr\\\/?s={search_term_string}\"},\"query-input\":{\"@type\":\"PropertyValueSpecification\",\"valueRequired\":true,\"valueName\":\"search_term_string\"}}],\"inLanguage\":\"fr-FR\"},{\"@type\":\"Organization\",\"@id\":\"https:\\\/\\\/art-foi-bordeaux.fr\\\/#organization\",\"name\":\"Art-Foi Bordeaux\",\"url\":\"https:\\\/\\\/art-foi-bordeaux.fr\\\/\",\"logo\":{\"@type\":\"ImageObject\",\"inLanguage\":\"fr-FR\",\"@id\":\"https:\\\/\\\/art-foi-bordeaux.fr\\\/#\\\/schema\\\/logo\\\/image\\\/\",\"url\":\"https:\\\/\\\/art-foi-bordeaux.fr\\\/wp-content\\\/uploads\\\/2021\\\/06\\\/cropped-cropped-logo-ars-et-fides-1.png\",\"contentUrl\":\"https:\\\/\\\/art-foi-bordeaux.fr\\\/wp-content\\\/uploads\\\/2021\\\/06\\\/cropped-cropped-logo-ars-et-fides-1.png\",\"width\":512,\"height\":512,\"caption\":\"Art-Foi Bordeaux\"},\"image\":{\"@id\":\"https:\\\/\\\/art-foi-bordeaux.fr\\\/#\\\/schema\\\/logo\\\/image\\\/\"}}]}<\/script>\n<!-- \/ Yoast SEO plugin. -->","yoast_head_json":{"title":"Cath\u00e9drale Saint Andr\u00e9 - Art-Foi Bordeaux","description":"Les Amis d'ART-FOI proposent de visiter gratuitement Cath\u00e9drale Saint Andr\u00e9 l'un des monuments religieux de Bordeaux.","robots":{"index":"index","follow":"follow","max-snippet":"max-snippet:-1","max-image-preview":"max-image-preview:large","max-video-preview":"max-video-preview:-1"},"canonical":"https:\/\/art-foi-bordeaux.fr\/?page_id=551","og_locale":"fr_FR","og_type":"article","og_title":"Cath\u00e9drale Saint Andr\u00e9 - Art-Foi Bordeaux","og_description":"Les Amis d'ART-FOI proposent de visiter gratuitement Cath\u00e9drale Saint Andr\u00e9 l'un des monuments religieux de Bordeaux.","og_url":"https:\/\/art-foi-bordeaux.fr\/?page_id=551","og_site_name":"Art-Foi Bordeaux","article_modified_time":"2021-07-07T22:04:19+00:00","twitter_card":"summary_large_image","twitter_misc":{"Dur\u00e9e de lecture estim\u00e9e":"1 minute"},"schema":{"@context":"https:\/\/schema.org","@graph":[{"@type":"WebPage","@id":"https:\/\/art-foi-bordeaux.fr\/?page_id=551","url":"https:\/\/art-foi-bordeaux.fr\/?page_id=551","name":"Cath\u00e9drale Saint Andr\u00e9 - Art-Foi Bordeaux","isPartOf":{"@id":"https:\/\/art-foi-bordeaux.fr\/#website"},"datePublished":"2021-06-15T14:21:16+00:00","dateModified":"2021-07-07T22:04:19+00:00","description":"Les Amis d'ART-FOI proposent de visiter gratuitement Cath\u00e9drale Saint Andr\u00e9 l'un des monuments religieux de Bordeaux.","breadcrumb":{"@id":"https:\/\/art-foi-bordeaux.fr\/?page_id=551#breadcrumb"},"inLanguage":"fr-FR","potentialAction":[{"@type":"ReadAction","target":["https:\/\/art-foi-bordeaux.fr\/?page_id=551"]}]},{"@type":"BreadcrumbList","@id":"https:\/\/art-foi-bordeaux.fr\/?page_id=551#breadcrumb","itemListElement":[{"@type":"ListItem","position":1,"name":"Accueil","item":"https:\/\/art-foi-bordeaux.fr\/"},{"@type":"ListItem","position":2,"name":"Cath\u00e9drale Saint Andr\u00e9"}]},{"@type":"WebSite","@id":"https:\/\/art-foi-bordeaux.fr\/#website","url":"https:\/\/art-foi-bordeaux.fr\/","name":"Art-Foi Bordeaux","description":"","publisher":{"@id":"https:\/\/art-foi-bordeaux.fr\/#organization"},"potentialAction":[{"@type":"SearchAction","target":{"@type":"EntryPoint","urlTemplate":"https:\/\/art-foi-bordeaux.fr\/?s={search_term_string}"},"query-input":{"@type":"PropertyValueSpecification","valueRequired":true,"valueName":"search_term_string"}}],"inLanguage":"fr-FR"},{"@type":"Organization","@id":"https:\/\/art-foi-bordeaux.fr\/#organization","name":"Art-Foi Bordeaux","url":"https:\/\/art-foi-bordeaux.fr\/","logo":{"@type":"ImageObject","inLanguage":"fr-FR","@id":"https:\/\/art-foi-bordeaux.fr\/#\/schema\/logo\/image\/","url":"https:\/\/art-foi-bordeaux.fr\/wp-content\/uploads\/2021\/06\/cropped-cropped-logo-ars-et-fides-1.png","contentUrl":"https:\/\/art-foi-bordeaux.fr\/wp-content\/uploads\/2021\/06\/cropped-cropped-logo-ars-et-fides-1.png","width":512,"height":512,"caption":"Art-Foi Bordeaux"},"image":{"@id":"https:\/\/art-foi-bordeaux.fr\/#\/schema\/logo\/image\/"}}]}},"_links":{"self":[{"href":"https:\/\/art-foi-bordeaux.fr\/index.php?rest_route=\/wp\/v2\/pages\/551","targetHints":{"allow":["GET"]}}],"collection":[{"href":"https:\/\/art-foi-bordeaux.fr\/index.php?rest_route=\/wp\/v2\/pages"}],"about":[{"href":"https:\/\/art-foi-bordeaux.fr\/index.php?rest_route=\/wp\/v2\/types\/page"}],"author":[{"embeddable":true,"href":"https:\/\/art-foi-bordeaux.fr\/index.php?rest_route=\/wp\/v2\/users\/1"}],"replies":[{"embeddable":true,"href":"https:\/\/art-foi-bordeaux.fr\/index.php?rest_route=%2Fwp%2Fv2%2Fcomments&post=551"}],"version-history":[{"count":89,"href":"https:\/\/art-foi-bordeaux.fr\/index.php?rest_route=\/wp\/v2\/pages\/551\/revisions"}],"predecessor-version":[{"id":1299,"href":"https:\/\/art-foi-bordeaux.fr\/index.php?rest_route=\/wp\/v2\/pages\/551\/revisions\/1299"}],"wp:attachment":[{"href":"https:\/\/art-foi-bordeaux.fr\/index.php?rest_route=%2Fwp%2Fv2%2Fmedia&parent=551"}],"curies":[{"name":"wp","href":"https:\/\/api.w.org\/{rel}","templated":true}]}}