{"id":70,"date":"2021-06-05T04:12:15","date_gmt":"2021-06-05T04:12:15","guid":{"rendered":"http:\/\/art-foi-bordeaux.fr\/?page_id=70"},"modified":"2021-06-24T00:59:02","modified_gmt":"2021-06-24T00:59:02","slug":"devenir-guide","status":"publish","type":"page","link":"https:\/\/art-foi-bordeaux.fr\/?page_id=70","title":{"rendered":"Devenir Guide"},"content":{"rendered":"\t\t<div data-elementor-type=\"wp-page\" data-elementor-id=\"70\" class=\"elementor elementor-70\">\n\t\t\t\t\t\t<section class=\"elementor-section elementor-top-section elementor-element elementor-element-8974822 elementor-section-boxed elementor-section-height-default elementor-section-height-default\" data-id=\"8974822\" data-element_type=\"section\" data-e-type=\"section\">\n\t\t\t\t\t\t<div class=\"elementor-container elementor-column-gap-default\">\n\t\t\t\t\t<div class=\"elementor-column elementor-col-16 elementor-top-column elementor-element elementor-element-59a3356\" data-id=\"59a3356\" data-element_type=\"column\" data-e-type=\"column\">\n\t\t\t<div class=\"elementor-widget-wrap\">\n\t\t\t\t\t\t\t<\/div>\n\t\t<\/div>\n\t\t\t\t<div class=\"elementor-column elementor-col-66 elementor-top-column elementor-element elementor-element-fa68f05\" data-id=\"fa68f05\" data-element_type=\"column\" data-e-type=\"column\">\n\t\t\t<div class=\"elementor-widget-wrap elementor-element-populated\">\n\t\t\t\t\t\t<div class=\"elementor-element elementor-element-7159e23 elementor-widget elementor-widget-heading\" data-id=\"7159e23\" data-element_type=\"widget\" data-e-type=\"widget\" data-widget_type=\"heading.default\">\n\t\t\t\t<div class=\"elementor-widget-container\">\n\t\t\t\t\t<h2 class=\"elementor-heading-title elementor-size-default\">Devenir Guide<\/h2>\t\t\t\t<\/div>\n\t\t\t\t<\/div>\n\t\t\t\t\t<\/div>\n\t\t<\/div>\n\t\t\t\t<div class=\"elementor-column elementor-col-16 elementor-top-column elementor-element elementor-element-979d3c6\" data-id=\"979d3c6\" data-element_type=\"column\" data-e-type=\"column\">\n\t\t\t<div class=\"elementor-widget-wrap\">\n\t\t\t\t\t\t\t<\/div>\n\t\t<\/div>\n\t\t\t\t\t<\/div>\n\t\t<\/section>\n\t\t\t\t<section class=\"elementor-section elementor-top-section elementor-element elementor-element-b9f77d2 elementor-section-boxed elementor-section-height-default elementor-section-height-default\" data-id=\"b9f77d2\" data-element_type=\"section\" data-e-type=\"section\">\n\t\t\t\t\t\t<div class=\"elementor-container elementor-column-gap-default\">\n\t\t\t\t\t<div class=\"elementor-column elementor-col-100 elementor-top-column elementor-element elementor-element-37050c2\" data-id=\"37050c2\" data-element_type=\"column\" data-e-type=\"column\">\n\t\t\t<div class=\"elementor-widget-wrap elementor-element-populated\">\n\t\t\t\t\t\t<div class=\"elementor-element elementor-element-530817b elementor-widget elementor-widget-spacer\" data-id=\"530817b\" data-element_type=\"widget\" data-e-type=\"widget\" data-widget_type=\"spacer.default\">\n\t\t\t\t<div class=\"elementor-widget-container\">\n\t\t\t\t\t\t\t<div class=\"elementor-spacer\">\n\t\t\t<div class=\"elementor-spacer-inner\"><\/div>\n\t\t<\/div>\n\t\t\t\t\t\t<\/div>\n\t\t\t\t<\/div>\n\t\t\t\t\t<\/div>\n\t\t<\/div>\n\t\t\t\t\t<\/div>\n\t\t<\/section>\n\t\t\t\t<section class=\"elementor-section elementor-top-section elementor-element elementor-element-66108d2 elementor-section-boxed elementor-section-height-default elementor-section-height-default\" data-id=\"66108d2\" data-element_type=\"section\" data-e-type=\"section\">\n\t\t\t\t\t\t<div class=\"elementor-container elementor-column-gap-default\">\n\t\t\t\t\t<div class=\"elementor-column elementor-col-16 elementor-top-column elementor-element elementor-element-979ea57\" data-id=\"979ea57\" data-element_type=\"column\" data-e-type=\"column\">\n\t\t\t<div class=\"elementor-widget-wrap\">\n\t\t\t\t\t\t\t<\/div>\n\t\t<\/div>\n\t\t\t\t<div class=\"elementor-column elementor-col-66 elementor-top-column elementor-element elementor-element-a2b0b6a\" data-id=\"a2b0b6a\" data-element_type=\"column\" data-e-type=\"column\">\n\t\t\t<div class=\"elementor-widget-wrap elementor-element-populated\">\n\t\t\t\t\t\t<div class=\"elementor-element elementor-element-34faf05 elementor-widget elementor-widget-text-editor\" data-id=\"34faf05\" data-element_type=\"widget\" data-e-type=\"widget\" data-widget_type=\"text-editor.default\">\n\t\t\t\t<div class=\"elementor-widget-container\">\n\t\t\t\t\t\t\t\t\t<p><span style=\"font-family: helvetica, arial, sans-serif; font-size: 14pt;\">Le b\u00e9n\u00e9volat est un fondement de notre association.<\/span><br \/><span style=\"font-family: helvetica, arial, sans-serif; font-size: 14pt;\">Il s&rsquo;agit d&rsquo;accueillir et de favoriser un dialogue avec les visiteurs et de les sensibiliser \u00e0 la culture et \u00e0 l&rsquo;art religieux.<\/span><\/p><p><span style=\"font-size: 14pt;\"><strong><span style=\"font-family: helvetica, arial, sans-serif;\">Faut-il \u00eatre chr\u00e9tien pour \u00eatre guide ?<\/span><\/strong><\/span><br \/><span style=\"font-family: helvetica, arial, sans-serif; font-size: 14pt;\">L&rsquo;association ARS et FIDES est chr\u00e9tienne mais sans spiritualit\u00e9 propre.<\/span><\/p><p><span style=\"font-family: helvetica, arial, sans-serif; font-size: 14pt;\">L&rsquo;<strong>\u00e9t\u00e9<\/strong> nous recrutons des <strong>jeunes \u00e9trangers<\/strong> pour accueillir et accompagner les visiteurs.<\/span><br \/><span style=\"font-size: 14pt;\"><strong><span style=\"font-family: helvetica, arial, sans-serif;\">La formation est assur\u00e9e par les membres de l&rsquo;association ARS et FIDES.<\/span><\/strong><\/span><\/p>\t\t\t\t\t\t\t\t<\/div>\n\t\t\t\t<\/div>\n\t\t\t\t\t<\/div>\n\t\t<\/div>\n\t\t\t\t<div class=\"elementor-column elementor-col-16 elementor-top-column elementor-element elementor-element-bb11a31\" data-id=\"bb11a31\" data-element_type=\"column\" data-e-type=\"column\">\n\t\t\t<div class=\"elementor-widget-wrap\">\n\t\t\t\t\t\t\t<\/div>\n\t\t<\/div>\n\t\t\t\t\t<\/div>\n\t\t<\/section>\n\t\t\t\t<section class=\"elementor-section elementor-top-section elementor-element elementor-element-4935619 elementor-section-boxed elementor-section-height-default elementor-section-height-default\" data-id=\"4935619\" data-element_type=\"section\" data-e-type=\"section\">\n\t\t\t\t\t\t<div class=\"elementor-container elementor-column-gap-default\">\n\t\t\t\t\t<div class=\"elementor-column elementor-col-100 elementor-top-column elementor-element elementor-element-a67d5d9\" data-id=\"a67d5d9\" data-element_type=\"column\" data-e-type=\"column\">\n\t\t\t<div class=\"elementor-widget-wrap elementor-element-populated\">\n\t\t\t\t\t\t<div class=\"elementor-element elementor-element-eadf020 elementor-widget elementor-widget-spacer\" data-id=\"eadf020\" data-element_type=\"widget\" data-e-type=\"widget\" data-widget_type=\"spacer.default\">\n\t\t\t\t<div class=\"elementor-widget-container\">\n\t\t\t\t\t\t\t<div class=\"elementor-spacer\">\n\t\t\t<div class=\"elementor-spacer-inner\"><\/div>\n\t\t<\/div>\n\t\t\t\t\t\t<\/div>\n\t\t\t\t<\/div>\n\t\t\t\t\t<\/div>\n\t\t<\/div>\n\t\t\t\t\t<\/div>\n\t\t<\/section>\n\t\t\t\t<section class=\"elementor-section elementor-top-section elementor-element elementor-element-8db0977 elementor-section-boxed elementor-section-height-default elementor-section-height-default\" data-id=\"8db0977\" data-element_type=\"section\" data-e-type=\"section\">\n\t\t\t\t\t\t<div class=\"elementor-container elementor-column-gap-default\">\n\t\t\t\t\t<div class=\"elementor-column elementor-col-16 elementor-top-column elementor-element elementor-element-9240229\" data-id=\"9240229\" data-element_type=\"column\" data-e-type=\"column\">\n\t\t\t<div class=\"elementor-widget-wrap\">\n\t\t\t\t\t\t\t<\/div>\n\t\t<\/div>\n\t\t\t\t<div class=\"elementor-column elementor-col-66 elementor-top-column elementor-element elementor-element-12abf21\" data-id=\"12abf21\" data-element_type=\"column\" data-e-type=\"column\">\n\t\t\t<div class=\"elementor-widget-wrap elementor-element-populated\">\n\t\t\t\t\t\t<div class=\"elementor-element elementor-element-337d476 elementor-widget elementor-widget-heading\" data-id=\"337d476\" data-element_type=\"widget\" data-e-type=\"widget\" data-widget_type=\"heading.default\">\n\t\t\t\t<div class=\"elementor-widget-container\">\n\t\t\t\t\t<h2 class=\"elementor-heading-title elementor-size-default\">Formulaire de Guide<\/h2>\t\t\t\t<\/div>\n\t\t\t\t<\/div>\n\t\t\t\t\t<\/div>\n\t\t<\/div>\n\t\t\t\t<div class=\"elementor-column elementor-col-16 elementor-top-column elementor-element elementor-element-f7a0aee\" data-id=\"f7a0aee\" data-element_type=\"column\" data-e-type=\"column\">\n\t\t\t<div class=\"elementor-widget-wrap\">\n\t\t\t\t\t\t\t<\/div>\n\t\t<\/div>\n\t\t\t\t\t<\/div>\n\t\t<\/section>\n\t\t\t\t<section class=\"elementor-section elementor-top-section elementor-element elementor-element-b8059eb elementor-section-boxed elementor-section-height-default elementor-section-height-default\" data-id=\"b8059eb\" data-element_type=\"section\" data-e-type=\"section\">\n\t\t\t\t\t\t<div class=\"elementor-container elementor-column-gap-default\">\n\t\t\t\t\t<div class=\"elementor-column elementor-col-100 elementor-top-column elementor-element elementor-element-0212009\" data-id=\"0212009\" data-element_type=\"column\" data-e-type=\"column\">\n\t\t\t<div class=\"elementor-widget-wrap elementor-element-populated\">\n\t\t\t\t\t\t<div class=\"elementor-element elementor-element-86f7ee7 elementor-widget elementor-widget-spacer\" data-id=\"86f7ee7\" data-element_type=\"widget\" data-e-type=\"widget\" data-widget_type=\"spacer.default\">\n\t\t\t\t<div class=\"elementor-widget-container\">\n\t\t\t\t\t\t\t<div class=\"elementor-spacer\">\n\t\t\t<div class=\"elementor-spacer-inner\"><\/div>\n\t\t<\/div>\n\t\t\t\t\t\t<\/div>\n\t\t\t\t<\/div>\n\t\t\t\t\t<\/div>\n\t\t<\/div>\n\t\t\t\t\t<\/div>\n\t\t<\/section>\n\t\t\t\t<section class=\"elementor-section elementor-top-section elementor-element elementor-element-00f711b elementor-section-boxed elementor-section-height-default elementor-section-height-default\" data-id=\"00f711b\" data-element_type=\"section\" data-e-type=\"section\">\n\t\t\t\t\t\t<div class=\"elementor-container elementor-column-gap-default\">\n\t\t\t\t\t<div class=\"elementor-column elementor-col-16 elementor-top-column elementor-element elementor-element-8ec4106\" data-id=\"8ec4106\" data-element_type=\"column\" data-e-type=\"column\">\n\t\t\t<div class=\"elementor-widget-wrap\">\n\t\t\t\t\t\t\t<\/div>\n\t\t<\/div>\n\t\t\t\t<div class=\"elementor-column elementor-col-66 elementor-top-column elementor-element elementor-element-7b7d89e\" data-id=\"7b7d89e\" data-element_type=\"column\" data-e-type=\"column\" data-settings=\"{&quot;background_background&quot;:&quot;classic&quot;}\">\n\t\t\t<div class=\"elementor-widget-wrap elementor-element-populated\">\n\t\t\t\t\t\t<div class=\"elementor-element elementor-element-04838bd elementor-widget elementor-widget-shortcode\" data-id=\"04838bd\" data-element_type=\"widget\" data-e-type=\"widget\" data-widget_type=\"shortcode.default\">\n\t\t\t\t<div class=\"elementor-widget-container\">\n\t\t\t\t\t\t\t<div class=\"elementor-shortcode\">\n<div class=\"wpcf7 no-js\" id=\"wpcf7-f69-o1\" lang=\"fr-FR\" dir=\"ltr\" data-wpcf7-id=\"69\">\n<div class=\"screen-reader-response\"><p role=\"status\" aria-live=\"polite\" aria-atomic=\"true\"><\/p> <ul><\/ul><\/div>\n<form action=\"\/index.php?rest_route=%2Fwp%2Fv2%2Fpages%2F70#wpcf7-f69-o1\" method=\"post\" class=\"wpcf7-form init\" aria-label=\"Formulaire de contact\" novalidate=\"novalidate\" data-status=\"init\">\n<fieldset class=\"hidden-fields-container\"><input type=\"hidden\" name=\"_wpcf7\" value=\"69\" \/><input type=\"hidden\" name=\"_wpcf7_version\" value=\"6.1.5\" \/><input type=\"hidden\" name=\"_wpcf7_locale\" value=\"fr_FR\" \/><input type=\"hidden\" name=\"_wpcf7_unit_tag\" value=\"wpcf7-f69-o1\" \/><input type=\"hidden\" name=\"_wpcf7_container_post\" value=\"0\" \/><input type=\"hidden\" name=\"_wpcf7_posted_data_hash\" value=\"\" \/>\n<\/fieldset>\n<p><label> Votre Nom<br \/>\n<span class=\"wpcf7-form-control-wrap\" data-name=\"your-name\"><input size=\"40\" maxlength=\"400\" class=\"wpcf7-form-control wpcf7-text wpcf7-validates-as-required\" aria-required=\"true\" aria-invalid=\"false\" value=\"\" type=\"text\" name=\"your-name\" \/><\/span> <\/label>\n<\/p>\n<p><label> Votre Prenom<br \/>\n<span class=\"wpcf7-form-control-wrap\" data-name=\"your-name\"><input size=\"40\" maxlength=\"400\" class=\"wpcf7-form-control wpcf7-text wpcf7-validates-as-required\" aria-required=\"true\" aria-invalid=\"false\" value=\"\" type=\"text\" name=\"your-name\" \/><\/span> <\/label>\n<\/p>\n<p><label> Votre e-mail<br \/>\n<span class=\"wpcf7-form-control-wrap\" data-name=\"your-email\"><input size=\"40\" maxlength=\"400\" class=\"wpcf7-form-control wpcf7-email wpcf7-validates-as-required wpcf7-text wpcf7-validates-as-email\" aria-required=\"true\" aria-invalid=\"false\" value=\"\" type=\"email\" name=\"your-email\" \/><\/span> <\/label>\n<\/p>\n<p><label> Telephone (facultatif)<br \/>\n<span class=\"wpcf7-form-control-wrap\" data-name=\"Telephone\"><input size=\"40\" maxlength=\"400\" class=\"wpcf7-form-control wpcf7-tel wpcf7-text wpcf7-validates-as-tel\" aria-invalid=\"false\" value=\"\" type=\"tel\" name=\"Telephone\" \/><\/span> <\/label>\n<\/p>\n<p><label> Votre message (facultatif)<br \/>\n<span class=\"wpcf7-form-control-wrap\" data-name=\"your-message\"><textarea cols=\"40\" rows=\"10\" maxlength=\"2000\" class=\"wpcf7-form-control wpcf7-textarea\" aria-invalid=\"false\" name=\"your-message\"><\/textarea><\/span> <\/label>\n<\/p>\n<p><input class=\"wpcf7-form-control wpcf7-submit has-spinner\" type=\"submit\" value=\"Envoyer\" \/>\n<\/p><div class=\"wpcf7-response-output\" aria-hidden=\"true\"><\/div>\n<\/form>\n<\/div>\n<\/div>\n\t\t\t\t\t\t<\/div>\n\t\t\t\t<\/div>\n\t\t\t\t\t<\/div>\n\t\t<\/div>\n\t\t\t\t<div class=\"elementor-column elementor-col-16 elementor-top-column elementor-element elementor-element-997168d\" data-id=\"997168d\" data-element_type=\"column\" data-e-type=\"column\">\n\t\t\t<div class=\"elementor-widget-wrap\">\n\t\t\t\t\t\t\t<\/div>\n\t\t<\/div>\n\t\t\t\t\t<\/div>\n\t\t<\/section>\n\t\t\t\t<\/div>\n\t\t","protected":false},"excerpt":{"rendered":"<p>Devenir Guide Le b\u00e9n\u00e9volat est un fondement de notre association. Il s&rsquo;agit d&rsquo;accueillir et de favoriser un dialogue avec les visiteurs et de les sensibiliser &hellip; <\/p>\n","protected":false},"author":1,"featured_media":0,"parent":0,"menu_order":0,"comment_status":"closed","ping_status":"closed","template":"","meta":{"footnotes":""},"class_list":["post-70","page","type-page","status-publish","hentry"],"yoast_head":"<!-- This site is optimized with the Yoast SEO plugin v27.4 - https:\/\/yoast.com\/product\/yoast-seo-wordpress\/ -->\n<title>Devenir Guide - Art-Foi Bordeaux<\/title>\n<meta name=\"description\" content=\"Les Amis d&#039;ART-FOI proposent de devenir Guide pour faire visiter les plus beaux monuments religieux de Bordeaux.\" \/>\n<meta name=\"robots\" content=\"index, follow, max-snippet:-1, max-image-preview:large, max-video-preview:-1\" \/>\n<link rel=\"canonical\" href=\"https:\/\/art-foi-bordeaux.fr\/?page_id=70\" \/>\n<meta property=\"og:locale\" content=\"fr_FR\" \/>\n<meta property=\"og:type\" content=\"article\" \/>\n<meta property=\"og:title\" content=\"Devenir Guide - Art-Foi Bordeaux\" \/>\n<meta property=\"og:description\" content=\"Les Amis d&#039;ART-FOI proposent de devenir Guide pour faire visiter les plus beaux monuments religieux de Bordeaux.\" \/>\n<meta property=\"og:url\" content=\"https:\/\/art-foi-bordeaux.fr\/?page_id=70\" \/>\n<meta property=\"og:site_name\" content=\"Art-Foi Bordeaux\" \/>\n<meta property=\"article:modified_time\" content=\"2021-06-24T00:59:02+00:00\" \/>\n<meta name=\"twitter:card\" content=\"summary_large_image\" \/>\n<meta name=\"twitter:label1\" content=\"Dur\u00e9e de lecture estim\u00e9e\" \/>\n\t<meta name=\"twitter:data1\" content=\"1 minute\" \/>\n<script type=\"application\/ld+json\" class=\"yoast-schema-graph\">{\"@context\":\"https:\\\/\\\/schema.org\",\"@graph\":[{\"@type\":\"WebPage\",\"@id\":\"https:\\\/\\\/art-foi-bordeaux.fr\\\/?page_id=70\",\"url\":\"https:\\\/\\\/art-foi-bordeaux.fr\\\/?page_id=70\",\"name\":\"Devenir Guide - Art-Foi Bordeaux\",\"isPartOf\":{\"@id\":\"https:\\\/\\\/art-foi-bordeaux.fr\\\/#website\"},\"datePublished\":\"2021-06-05T04:12:15+00:00\",\"dateModified\":\"2021-06-24T00:59:02+00:00\",\"description\":\"Les Amis d'ART-FOI proposent de devenir Guide pour faire visiter les plus beaux monuments religieux de Bordeaux.\",\"breadcrumb\":{\"@id\":\"https:\\\/\\\/art-foi-bordeaux.fr\\\/?page_id=70#breadcrumb\"},\"inLanguage\":\"fr-FR\",\"potentialAction\":[{\"@type\":\"ReadAction\",\"target\":[\"https:\\\/\\\/art-foi-bordeaux.fr\\\/?page_id=70\"]}]},{\"@type\":\"BreadcrumbList\",\"@id\":\"https:\\\/\\\/art-foi-bordeaux.fr\\\/?page_id=70#breadcrumb\",\"itemListElement\":[{\"@type\":\"ListItem\",\"position\":1,\"name\":\"Accueil\",\"item\":\"https:\\\/\\\/art-foi-bordeaux.fr\\\/\"},{\"@type\":\"ListItem\",\"position\":2,\"name\":\"Devenir Guide\"}]},{\"@type\":\"WebSite\",\"@id\":\"https:\\\/\\\/art-foi-bordeaux.fr\\\/#website\",\"url\":\"https:\\\/\\\/art-foi-bordeaux.fr\\\/\",\"name\":\"Art-Foi Bordeaux\",\"description\":\"\",\"publisher\":{\"@id\":\"https:\\\/\\\/art-foi-bordeaux.fr\\\/#organization\"},\"potentialAction\":[{\"@type\":\"SearchAction\",\"target\":{\"@type\":\"EntryPoint\",\"urlTemplate\":\"https:\\\/\\\/art-foi-bordeaux.fr\\\/?s={search_term_string}\"},\"query-input\":{\"@type\":\"PropertyValueSpecification\",\"valueRequired\":true,\"valueName\":\"search_term_string\"}}],\"inLanguage\":\"fr-FR\"},{\"@type\":\"Organization\",\"@id\":\"https:\\\/\\\/art-foi-bordeaux.fr\\\/#organization\",\"name\":\"Art-Foi Bordeaux\",\"url\":\"https:\\\/\\\/art-foi-bordeaux.fr\\\/\",\"logo\":{\"@type\":\"ImageObject\",\"inLanguage\":\"fr-FR\",\"@id\":\"https:\\\/\\\/art-foi-bordeaux.fr\\\/#\\\/schema\\\/logo\\\/image\\\/\",\"url\":\"https:\\\/\\\/art-foi-bordeaux.fr\\\/wp-content\\\/uploads\\\/2021\\\/06\\\/cropped-cropped-logo-ars-et-fides-1.png\",\"contentUrl\":\"https:\\\/\\\/art-foi-bordeaux.fr\\\/wp-content\\\/uploads\\\/2021\\\/06\\\/cropped-cropped-logo-ars-et-fides-1.png\",\"width\":512,\"height\":512,\"caption\":\"Art-Foi Bordeaux\"},\"image\":{\"@id\":\"https:\\\/\\\/art-foi-bordeaux.fr\\\/#\\\/schema\\\/logo\\\/image\\\/\"}}]}<\/script>\n<!-- \/ Yoast SEO plugin. -->","yoast_head_json":{"title":"Devenir Guide - Art-Foi Bordeaux","description":"Les Amis d'ART-FOI proposent de devenir Guide pour faire visiter les plus beaux monuments religieux de Bordeaux.","robots":{"index":"index","follow":"follow","max-snippet":"max-snippet:-1","max-image-preview":"max-image-preview:large","max-video-preview":"max-video-preview:-1"},"canonical":"https:\/\/art-foi-bordeaux.fr\/?page_id=70","og_locale":"fr_FR","og_type":"article","og_title":"Devenir Guide - Art-Foi Bordeaux","og_description":"Les Amis d'ART-FOI proposent de devenir Guide pour faire visiter les plus beaux monuments religieux de Bordeaux.","og_url":"https:\/\/art-foi-bordeaux.fr\/?page_id=70","og_site_name":"Art-Foi Bordeaux","article_modified_time":"2021-06-24T00:59:02+00:00","twitter_card":"summary_large_image","twitter_misc":{"Dur\u00e9e de lecture estim\u00e9e":"1 minute"},"schema":{"@context":"https:\/\/schema.org","@graph":[{"@type":"WebPage","@id":"https:\/\/art-foi-bordeaux.fr\/?page_id=70","url":"https:\/\/art-foi-bordeaux.fr\/?page_id=70","name":"Devenir Guide - Art-Foi Bordeaux","isPartOf":{"@id":"https:\/\/art-foi-bordeaux.fr\/#website"},"datePublished":"2021-06-05T04:12:15+00:00","dateModified":"2021-06-24T00:59:02+00:00","description":"Les Amis d'ART-FOI proposent de devenir Guide pour faire visiter les plus beaux monuments religieux de Bordeaux.","breadcrumb":{"@id":"https:\/\/art-foi-bordeaux.fr\/?page_id=70#breadcrumb"},"inLanguage":"fr-FR","potentialAction":[{"@type":"ReadAction","target":["https:\/\/art-foi-bordeaux.fr\/?page_id=70"]}]},{"@type":"BreadcrumbList","@id":"https:\/\/art-foi-bordeaux.fr\/?page_id=70#breadcrumb","itemListElement":[{"@type":"ListItem","position":1,"name":"Accueil","item":"https:\/\/art-foi-bordeaux.fr\/"},{"@type":"ListItem","position":2,"name":"Devenir Guide"}]},{"@type":"WebSite","@id":"https:\/\/art-foi-bordeaux.fr\/#website","url":"https:\/\/art-foi-bordeaux.fr\/","name":"Art-Foi Bordeaux","description":"","publisher":{"@id":"https:\/\/art-foi-bordeaux.fr\/#organization"},"potentialAction":[{"@type":"SearchAction","target":{"@type":"EntryPoint","urlTemplate":"https:\/\/art-foi-bordeaux.fr\/?s={search_term_string}"},"query-input":{"@type":"PropertyValueSpecification","valueRequired":true,"valueName":"search_term_string"}}],"inLanguage":"fr-FR"},{"@type":"Organization","@id":"https:\/\/art-foi-bordeaux.fr\/#organization","name":"Art-Foi Bordeaux","url":"https:\/\/art-foi-bordeaux.fr\/","logo":{"@type":"ImageObject","inLanguage":"fr-FR","@id":"https:\/\/art-foi-bordeaux.fr\/#\/schema\/logo\/image\/","url":"https:\/\/art-foi-bordeaux.fr\/wp-content\/uploads\/2021\/06\/cropped-cropped-logo-ars-et-fides-1.png","contentUrl":"https:\/\/art-foi-bordeaux.fr\/wp-content\/uploads\/2021\/06\/cropped-cropped-logo-ars-et-fides-1.png","width":512,"height":512,"caption":"Art-Foi Bordeaux"},"image":{"@id":"https:\/\/art-foi-bordeaux.fr\/#\/schema\/logo\/image\/"}}]}},"_links":{"self":[{"href":"https:\/\/art-foi-bordeaux.fr\/index.php?rest_route=\/wp\/v2\/pages\/70","targetHints":{"allow":["GET"]}}],"collection":[{"href":"https:\/\/art-foi-bordeaux.fr\/index.php?rest_route=\/wp\/v2\/pages"}],"about":[{"href":"https:\/\/art-foi-bordeaux.fr\/index.php?rest_route=\/wp\/v2\/types\/page"}],"author":[{"embeddable":true,"href":"https:\/\/art-foi-bordeaux.fr\/index.php?rest_route=\/wp\/v2\/users\/1"}],"replies":[{"embeddable":true,"href":"https:\/\/art-foi-bordeaux.fr\/index.php?rest_route=%2Fwp%2Fv2%2Fcomments&post=70"}],"version-history":[{"count":30,"href":"https:\/\/art-foi-bordeaux.fr\/index.php?rest_route=\/wp\/v2\/pages\/70\/revisions"}],"predecessor-version":[{"id":976,"href":"https:\/\/art-foi-bordeaux.fr\/index.php?rest_route=\/wp\/v2\/pages\/70\/revisions\/976"}],"wp:attachment":[{"href":"https:\/\/art-foi-bordeaux.fr\/index.php?rest_route=%2Fwp%2Fv2%2Fmedia&parent=70"}],"curies":[{"name":"wp","href":"https:\/\/api.w.org\/{rel}","templated":true}]}}